{"id":6531,"date":"2018-05-17T16:17:09","date_gmt":"2018-05-17T14:17:09","guid":{"rendered":"https:\/\/www.palazzidelpapa.it\/pienza-appartamenti-camere\/"},"modified":"2022-10-02T21:03:33","modified_gmt":"2022-10-02T19:03:33","slug":"pienza-appartamenti-camere","status":"publish","type":"page","link":"https:\/\/www.palazzidelpapa.it\/de\/pienza-appartamenti-camere\/","title":{"rendered":"Gastfreundschaft"},"content":{"rendered":"<div class=\"wpb-content-wrapper\"><p>[vc_row][vc_column][rev_slider_vc alias=&#8220;ospitalita&#8220; enable_paspartu=&#8220;no&#8220;][\/vc_column][\/vc_row][vc_row row_content_width=&#8220;grid&#8220; content_text_aligment=&#8220;center&#8220; css=&#8220;.vc_custom_1526567658258{padding-top: 34px !important;padding-bottom: 43px !important;}&#8220;][vc_column]<div class=\"eltd-elements-holder   eltd-one-column  eltd-responsive-mode-768 \" ><div class=\"eltd-eh-item   eltd-horizontal-alignment-center \"  data-item-class=\"eltd-eh-custom-2809\" data-1280-1600=\"0 21% 0 21%\" data-1024-1280=\"0 21% 0 21%\" data-768-1024=\"0 8% 0 8%\" data-680-768=\"0 0 0 0\" data-680=\"0 0 0 0\">\n\t<div class=\"eltd-eh-item-inner\">\n\t\t<div class=\"eltd-eh-item-content eltd-eh-custom-2809\" style=\"padding: 0 15% 0 15%\">\n\t\t\t<div class=\"eltd-section-title-holder eltd-separator-disabled  \" >\n    <div class=\"eltd-section-title-inner\">\n                            <h2 class=\"eltd-st-title \" >\n                <span class=\"eltd-st-before\"><\/span>\n                <span>Gastfreundschaft<\/span>\n            <\/h2>\n                            <\/div>\n<\/div>[vc_column_text]Das Landhaus &#8222;<b>Palazzi del Papa<\/b>&#8220; wurde in den drei\u00dfiger Jahren von Marquise Origo an der Stelle eines alten Gasthauses erbaut. In diesem haben die auf der nahe vorbeif\u00fchrenden Via Francigena reisenden W\u00fcrdentr\u00e4ger h\u00e4ufig eine Rast eingelegt. Dieses Landhaus steht im Zentrum des Naturreservates von Luciola Bella und ist heute Eigentum des Landwirtschaftbetriebes von Enzo Nardi.<br \/>\nNach der vor kurzem erfolgten Restaurierung stehen den G\u00e4ste f\u00fcnf ger\u00e4umige Ferienwohnungen mit jeglichern Komfort zur Verf\u00fcgung.<br \/>\nVor dem Haus befindet sich ein gro\u00dfer Garten, der von allen G\u00e4sten genutzt werden kann.<br \/>\n<b>Kostenlose Wi-Fi<\/b>[\/vc_column_text]\t\t<\/div>\n\t<\/div>\n<\/div><\/div>[\/vc_column][\/vc_row][vc_row row_content_width=&#8220;grid&#8220; css=&#8220;.vc_custom_1526566787204{padding-top: 20px !important;padding-bottom: 20px !important;}&#8220;][vc_column]<div class=\"eltd-portfolio-list-holder eltd-pl-gallery eltd-tiny-space eltd-pl-three-columns eltd-pl-standard-shader    eltd-pl-pag-no-pagination     \"  data-type=gallery data-number-of-columns=3 data-space-between-items=tiny data-number-of-items=-1 data-image-proportions=full data-enable-fixed-proportions=no data-enable-image-shadow=no data-orderby=date data-order=ASC data-item-style=standard-shader data-enable-title=yes data-title-tag=h4 data-enable-category=yes data-enable-count-images=yes data-enable-excerpt=no data-excerpt-length=20 data-pagination-type=no-pagination data-filter=no data-filter-order-by=name data-enable-article-animation=no data-portfolio-slider-on=no data-enable-loop=yes data-enable-autoplay=yes data-slider-speed=5000 data-slider-speed-animation=600 data-enable-navigation=yes data-enable-pagination=yes data-max-num-pages=0 data-next-page=2>\n\t\t<div class=\"eltd-pl-inner eltd-outer-space  clearfix\">\n\t\t<article class=\"eltd-pl-item eltd-item-space  post-6516 portfolio-item type-portfolio-item status-publish has-post-thumbnail hentry portfolio-category-accommodation-de\">\n\t<div class=\"eltd-pl-item-inner\">\n\t\t<div class=\"eltd-pli-image\">\n\t<img loading=\"lazy\" decoding=\"async\" width=\"1024\" height=\"682\" src=\"https:\/\/www.palazzidelpapa.it\/wp-content\/uploads\/2018\/01\/appartamento-pio-ii.jpg\" class=\"attachment-full size-full wp-post-image\" alt=\"\" srcset=\"https:\/\/www.palazzidelpapa.it\/wp-content\/uploads\/2018\/01\/appartamento-pio-ii.jpg 1024w, https:\/\/www.palazzidelpapa.it\/wp-content\/uploads\/2018\/01\/appartamento-pio-ii-300x200.jpg 300w, https:\/\/www.palazzidelpapa.it\/wp-content\/uploads\/2018\/01\/appartamento-pio-ii-768x512.jpg 768w, https:\/\/www.palazzidelpapa.it\/wp-content\/uploads\/2018\/01\/appartamento-pio-ii-330x220.jpg 330w\" sizes=\"auto, (max-width: 1024px) 100vw, 1024px\" \/><\/div>\n<div class=\"eltd-pli-text-holder\">\n\t<div class=\"eltd-pli-text-wrapper\">\n\t\t<div class=\"eltd-pli-text\">\n\t\t\t\t<h4 itemprop=\"name\" class=\"eltd-pli-title entry-title\" >\n\t\tWohnung Pio II\t<\/h4>\n\n\t\t\t\t\t<div class=\"eltd-pli-category-holder\">\n\t\t\t<h6>\n\t\t\t\t\t\t\t\t\t<a itemprop=\"url\" class=\"eltd-pli-category\" href=\"https:\/\/www.palazzidelpapa.it\/de\/portfolio-category\/accommodation-de\/\">Accommodation<\/a>\n\t\t\t\t\t\t\t<\/h6>\n\t\t<\/div>\n\t\n\t\t\t    <div class=\"eltd-gli-number-of-images-holder\" >\n        <span>7 pics<\/span>\n    <\/div>\n\n\n\t\t\t\t\t<\/div>\n\t<\/div>\n<\/div>\t\t\n\t\t<a itemprop=\"url\" class=\"eltd-pli-link eltd-block-drag-link\" href=\"https:\/\/www.palazzidelpapa.it\/de\/portfolio-item\/appartamento-pio-ii\/\" target=\"_self\"><\/a>\n\t<\/div>\n<\/article><article class=\"eltd-pl-item eltd-item-space  post-6519 portfolio-item type-portfolio-item status-publish has-post-thumbnail hentry portfolio-category-accommodation-de\">\n\t<div class=\"eltd-pl-item-inner\">\n\t\t<div class=\"eltd-pli-image\">\n\t<img loading=\"lazy\" decoding=\"async\" width=\"1920\" height=\"1280\" src=\"https:\/\/www.palazzidelpapa.it\/wp-content\/uploads\/2018\/05\/Pio-III.-IMG_1396-19.jpg\" class=\"attachment-full size-full wp-post-image\" alt=\"\" srcset=\"https:\/\/www.palazzidelpapa.it\/wp-content\/uploads\/2018\/05\/Pio-III.-IMG_1396-19.jpg 1920w, https:\/\/www.palazzidelpapa.it\/wp-content\/uploads\/2018\/05\/Pio-III.-IMG_1396-19-300x200.jpg 300w, https:\/\/www.palazzidelpapa.it\/wp-content\/uploads\/2018\/05\/Pio-III.-IMG_1396-19-768x512.jpg 768w, https:\/\/www.palazzidelpapa.it\/wp-content\/uploads\/2018\/05\/Pio-III.-IMG_1396-19-1024x683.jpg 1024w, https:\/\/www.palazzidelpapa.it\/wp-content\/uploads\/2018\/05\/Pio-III.-IMG_1396-19-600x400.jpg 600w\" sizes=\"auto, (max-width: 1920px) 100vw, 1920px\" \/><\/div>\n<div class=\"eltd-pli-text-holder\">\n\t<div class=\"eltd-pli-text-wrapper\">\n\t\t<div class=\"eltd-pli-text\">\n\t\t\t\t<h4 itemprop=\"name\" class=\"eltd-pli-title entry-title\" >\n\t\tWohnung Pio III\t<\/h4>\n\n\t\t\t\t\t<div class=\"eltd-pli-category-holder\">\n\t\t\t<h6>\n\t\t\t\t\t\t\t\t\t<a itemprop=\"url\" class=\"eltd-pli-category\" href=\"https:\/\/www.palazzidelpapa.it\/de\/portfolio-category\/accommodation-de\/\">Accommodation<\/a>\n\t\t\t\t\t\t\t<\/h6>\n\t\t<\/div>\n\t\n\t\t\t    <div class=\"eltd-gli-number-of-images-holder\" >\n        <span>8 pics<\/span>\n    <\/div>\n\n\n\t\t\t\t\t<\/div>\n\t<\/div>\n<\/div>\t\t\n\t\t<a itemprop=\"url\" class=\"eltd-pli-link eltd-block-drag-link\" href=\"https:\/\/www.palazzidelpapa.it\/de\/portfolio-item\/appartamento-pio-iii\/\" target=\"_self\"><\/a>\n\t<\/div>\n<\/article><article class=\"eltd-pl-item eltd-item-space  post-6522 portfolio-item type-portfolio-item status-publish has-post-thumbnail hentry portfolio-category-accommodation-de\">\n\t<div class=\"eltd-pl-item-inner\">\n\t\t<div class=\"eltd-pli-image\">\n\t<img loading=\"lazy\" decoding=\"async\" width=\"1920\" height=\"1280\" src=\"https:\/\/www.palazzidelpapa.it\/wp-content\/uploads\/2018\/05\/Pio-IV.-IMG_1418-2.jpg\" class=\"attachment-full size-full wp-post-image\" alt=\"\" srcset=\"https:\/\/www.palazzidelpapa.it\/wp-content\/uploads\/2018\/05\/Pio-IV.-IMG_1418-2.jpg 1920w, https:\/\/www.palazzidelpapa.it\/wp-content\/uploads\/2018\/05\/Pio-IV.-IMG_1418-2-300x200.jpg 300w, https:\/\/www.palazzidelpapa.it\/wp-content\/uploads\/2018\/05\/Pio-IV.-IMG_1418-2-768x512.jpg 768w, https:\/\/www.palazzidelpapa.it\/wp-content\/uploads\/2018\/05\/Pio-IV.-IMG_1418-2-1024x683.jpg 1024w, https:\/\/www.palazzidelpapa.it\/wp-content\/uploads\/2018\/05\/Pio-IV.-IMG_1418-2-600x400.jpg 600w\" sizes=\"auto, (max-width: 1920px) 100vw, 1920px\" \/><\/div>\n<div class=\"eltd-pli-text-holder\">\n\t<div class=\"eltd-pli-text-wrapper\">\n\t\t<div class=\"eltd-pli-text\">\n\t\t\t\t<h4 itemprop=\"name\" class=\"eltd-pli-title entry-title\" >\n\t\tWohnung Pio IV\t<\/h4>\n\n\t\t\t\t\t<div class=\"eltd-pli-category-holder\">\n\t\t\t<h6>\n\t\t\t\t\t\t\t\t\t<a itemprop=\"url\" class=\"eltd-pli-category\" href=\"https:\/\/www.palazzidelpapa.it\/de\/portfolio-category\/accommodation-de\/\">Accommodation<\/a>\n\t\t\t\t\t\t\t<\/h6>\n\t\t<\/div>\n\t\n\t\t\t    <div class=\"eltd-gli-number-of-images-holder\" >\n        <span>7 pics<\/span>\n    <\/div>\n\n\n\t\t\t\t\t<\/div>\n\t<\/div>\n<\/div>\t\t\n\t\t<a itemprop=\"url\" class=\"eltd-pli-link eltd-block-drag-link\" href=\"https:\/\/www.palazzidelpapa.it\/de\/portfolio-item\/appartamento-pio-iv\/\" target=\"_self\"><\/a>\n\t<\/div>\n<\/article><article class=\"eltd-pl-item eltd-item-space  post-6524 portfolio-item type-portfolio-item status-publish has-post-thumbnail hentry portfolio-category-accommodation-de\">\n\t<div class=\"eltd-pl-item-inner\">\n\t\t<div class=\"eltd-pli-image\">\n\t<img loading=\"lazy\" decoding=\"async\" width=\"1920\" height=\"1280\" src=\"https:\/\/www.palazzidelpapa.it\/wp-content\/uploads\/2018\/05\/Pio-VI.-IMG_2205-9.jpg\" class=\"attachment-full size-full wp-post-image\" alt=\"\" srcset=\"https:\/\/www.palazzidelpapa.it\/wp-content\/uploads\/2018\/05\/Pio-VI.-IMG_2205-9.jpg 1920w, https:\/\/www.palazzidelpapa.it\/wp-content\/uploads\/2018\/05\/Pio-VI.-IMG_2205-9-300x200.jpg 300w, https:\/\/www.palazzidelpapa.it\/wp-content\/uploads\/2018\/05\/Pio-VI.-IMG_2205-9-768x512.jpg 768w, https:\/\/www.palazzidelpapa.it\/wp-content\/uploads\/2018\/05\/Pio-VI.-IMG_2205-9-1024x683.jpg 1024w, https:\/\/www.palazzidelpapa.it\/wp-content\/uploads\/2018\/05\/Pio-VI.-IMG_2205-9-600x400.jpg 600w\" sizes=\"auto, (max-width: 1920px) 100vw, 1920px\" \/><\/div>\n<div class=\"eltd-pli-text-holder\">\n\t<div class=\"eltd-pli-text-wrapper\">\n\t\t<div class=\"eltd-pli-text\">\n\t\t\t\t<h4 itemprop=\"name\" class=\"eltd-pli-title entry-title\" >\n\t\tWohnung Pio VI\t<\/h4>\n\n\t\t\t\t\t<div class=\"eltd-pli-category-holder\">\n\t\t\t<h6>\n\t\t\t\t\t\t\t\t\t<a itemprop=\"url\" class=\"eltd-pli-category\" href=\"https:\/\/www.palazzidelpapa.it\/de\/portfolio-category\/accommodation-de\/\">Accommodation<\/a>\n\t\t\t\t\t\t\t<\/h6>\n\t\t<\/div>\n\t\n\t\t\t    <div class=\"eltd-gli-number-of-images-holder\" >\n        <span>5 pics<\/span>\n    <\/div>\n\n\n\t\t\t\t\t<\/div>\n\t<\/div>\n<\/div>\t\t\n\t\t<a itemprop=\"url\" class=\"eltd-pli-link eltd-block-drag-link\" href=\"https:\/\/www.palazzidelpapa.it\/de\/portfolio-item\/appartamento-pio-vi\/\" target=\"_self\"><\/a>\n\t<\/div>\n<\/article><article class=\"eltd-pl-item eltd-item-space  post-6526 portfolio-item type-portfolio-item status-publish has-post-thumbnail hentry portfolio-category-accommodation-de\">\n\t<div class=\"eltd-pl-item-inner\">\n\t\t<div class=\"eltd-pli-image\">\n\t<img loading=\"lazy\" decoding=\"async\" width=\"1200\" height=\"800\" src=\"https:\/\/www.palazzidelpapa.it\/wp-content\/uploads\/2018\/05\/IMG_2153.jpg\" class=\"attachment-full size-full wp-post-image\" alt=\"\" srcset=\"https:\/\/www.palazzidelpapa.it\/wp-content\/uploads\/2018\/05\/IMG_2153.jpg 1200w, https:\/\/www.palazzidelpapa.it\/wp-content\/uploads\/2018\/05\/IMG_2153-300x200.jpg 300w, https:\/\/www.palazzidelpapa.it\/wp-content\/uploads\/2018\/05\/IMG_2153-768x512.jpg 768w, https:\/\/www.palazzidelpapa.it\/wp-content\/uploads\/2018\/05\/IMG_2153-1024x683.jpg 1024w, https:\/\/www.palazzidelpapa.it\/wp-content\/uploads\/2018\/05\/IMG_2153-600x400.jpg 600w\" sizes=\"auto, (max-width: 1200px) 100vw, 1200px\" \/><\/div>\n<div class=\"eltd-pli-text-holder\">\n\t<div class=\"eltd-pli-text-wrapper\">\n\t\t<div class=\"eltd-pli-text\">\n\t\t\t\t<h4 itemprop=\"name\" class=\"eltd-pli-title entry-title\" >\n\t\tWohnung Bellarmino\t<\/h4>\n\n\t\t\t\t\t<div class=\"eltd-pli-category-holder\">\n\t\t\t<h6>\n\t\t\t\t\t\t\t\t\t<a itemprop=\"url\" class=\"eltd-pli-category\" href=\"https:\/\/www.palazzidelpapa.it\/de\/portfolio-category\/accommodation-de\/\">Accommodation<\/a>\n\t\t\t\t\t\t\t<\/h6>\n\t\t<\/div>\n\t\n\t\t\t    <div class=\"eltd-gli-number-of-images-holder\" >\n        <span>9 pics<\/span>\n    <\/div>\n\n\n\t\t\t\t\t<\/div>\n\t<\/div>\n<\/div>\t\t\n\t\t<a itemprop=\"url\" class=\"eltd-pli-link eltd-block-drag-link\" href=\"https:\/\/www.palazzidelpapa.it\/de\/portfolio-item\/appartamento-bellarmino\/\" target=\"_self\"><\/a>\n\t<\/div>\n<\/article><article class=\"eltd-pl-item eltd-item-space  post-6529 portfolio-item type-portfolio-item status-publish has-post-thumbnail hentry portfolio-category-accommodation-de\">\n\t<div class=\"eltd-pl-item-inner\">\n\t\t<div class=\"eltd-pli-image\">\n\t<img loading=\"lazy\" decoding=\"async\" width=\"1200\" height=\"800\" src=\"https:\/\/www.palazzidelpapa.it\/wp-content\/uploads\/2018\/05\/IMG_2182.jpg\" class=\"attachment-full size-full wp-post-image\" alt=\"\" srcset=\"https:\/\/www.palazzidelpapa.it\/wp-content\/uploads\/2018\/05\/IMG_2182.jpg 1200w, https:\/\/www.palazzidelpapa.it\/wp-content\/uploads\/2018\/05\/IMG_2182-300x200.jpg 300w, https:\/\/www.palazzidelpapa.it\/wp-content\/uploads\/2018\/05\/IMG_2182-768x512.jpg 768w, https:\/\/www.palazzidelpapa.it\/wp-content\/uploads\/2018\/05\/IMG_2182-1024x683.jpg 1024w, https:\/\/www.palazzidelpapa.it\/wp-content\/uploads\/2018\/05\/IMG_2182-600x400.jpg 600w\" sizes=\"auto, (max-width: 1200px) 100vw, 1200px\" \/><\/div>\n<div class=\"eltd-pli-text-holder\">\n\t<div class=\"eltd-pli-text-wrapper\">\n\t\t<div class=\"eltd-pli-text\">\n\t\t\t\t<h4 itemprop=\"name\" class=\"eltd-pli-title entry-title\" >\n\t\tZimmer La Calonica I und II\t<\/h4>\n\n\t\t\t\t\t<div class=\"eltd-pli-category-holder\">\n\t\t\t<h6>\n\t\t\t\t\t\t\t\t\t<a itemprop=\"url\" class=\"eltd-pli-category\" href=\"https:\/\/www.palazzidelpapa.it\/de\/portfolio-category\/accommodation-de\/\">Accommodation<\/a>\n\t\t\t\t\t\t\t<\/h6>\n\t\t<\/div>\n\t\n\t\t\t    <div class=\"eltd-gli-number-of-images-holder\" >\n        <span>4 pics<\/span>\n    <\/div>\n\n\n\t\t\t\t\t<\/div>\n\t<\/div>\n<\/div>\t\t\n\t\t<a itemprop=\"url\" class=\"eltd-pli-link eltd-block-drag-link\" href=\"https:\/\/www.palazzidelpapa.it\/de\/portfolio-item\/camere-la-calonica-i-e-ii\/\" target=\"_self\"><\/a>\n\t<\/div>\n<\/article>\t<\/div>\n\t\n\t<\/div>[\/vc_column][\/vc_row][vc_row row_content_width=&#8220;grid&#8220; css=&#8220;.vc_custom_1526568268653{padding-bottom: 44px !important;}&#8220;][vc_column width=&#8220;1\/2&#8243;][vc_column_text]<strong>SIND IM PREIS INBEGRIFFEN:<\/strong><br \/>\n&#8211; Fr\u00fchst\u00fcck, das wir in die Wohnung legen, bestehend aus einem hausgemachten Donut, Milch, Honig und Marmelade aus unserer Produktion.<br \/>\n-Gas, Strom, Wasser, Fernsehen, Bettw\u00e4sche, Schwimmbadbenutzung, Endreinigung, Holz f\u00fcr den Kamin, W\u00e4scherei.<\/p>\n<p><strong>Kostenloses Wi-Fi<\/strong>[\/vc_column_text][\/vc_column][vc_column width=&#8220;1\/2&#8243;][vc_column_text]<strong>SIE SIND AUSGESCHLOSSEN:<\/strong><br \/>\n-Heizung in der Zeit von Oktober bis M\u00e4rz nach Verbrauch, Fr\u00fchst\u00fcck (6 Euro), Hunde (10 Euro pro Nacht), t\u00e4gliche Reinigung, Fahrradverleih.<br \/>\nDar\u00fcber hinaus hat die Struktur einen gro\u00dfen Raum mit K\u00fcche und Service, geeignet f\u00fcr gro\u00dfe Gruppen, Tagungen, Gesch\u00e4ftskonferenzen.[\/vc_column_text][\/vc_column][\/vc_row]<\/p>\n<\/div>","protected":false},"excerpt":{"rendered":"<p>[vc_row][vc_column][rev_slider_vc alias=&#8220;ospitalita&#8220; enable_paspartu=&#8220;no&#8220;][\/vc_column][\/vc_row][vc_row row_content_width=&#8220;grid&#8220; content_text_aligment=&#8220;center&#8220; css=&#8220;.vc_custom_1526567658258{padding-top: 34px !important;padding-bottom: 43px !important;}&#8220;][vc_column][\/vc_column][\/vc_row][vc_row row_content_width=&#8220;grid&#8220; css=&#8220;.vc_custom_1526566787204{padding-top: 20px !important;padding-bottom: 20px !important;}&#8220;][vc_column][\/vc_column][\/vc_row][vc_row row_content_width=&#8220;grid&#8220; css=&#8220;.vc_custom_1526568268653{padding-bottom: 44px !important;}&#8220;][vc_column width=&#8220;1\/2&#8243;][vc_column_text]SIND IM PREIS INBEGRIFFEN: &#8211; Fr\u00fchst\u00fcck, das wir in die Wohnung legen, bestehend aus einem hausgemachten Donut, Milch, Honig und [&hellip;]<\/p>\n","protected":false},"author":1,"featured_media":0,"parent":0,"menu_order":0,"comment_status":"closed","ping_status":"closed","template":"full-width.php","meta":{"footnotes":""},"class_list":["post-6531","page","type-page","status-publish","hentry"],"_links":{"self":[{"href":"https:\/\/www.palazzidelpapa.it\/de\/wp-json\/wp\/v2\/pages\/6531","targetHints":{"allow":["GET"]}}],"collection":[{"href":"https:\/\/www.palazzidelpapa.it\/de\/wp-json\/wp\/v2\/pages"}],"about":[{"href":"https:\/\/www.palazzidelpapa.it\/de\/wp-json\/wp\/v2\/types\/page"}],"author":[{"embeddable":true,"href":"https:\/\/www.palazzidelpapa.it\/de\/wp-json\/wp\/v2\/users\/1"}],"replies":[{"embeddable":true,"href":"https:\/\/www.palazzidelpapa.it\/de\/wp-json\/wp\/v2\/comments?post=6531"}],"version-history":[{"count":4,"href":"https:\/\/www.palazzidelpapa.it\/de\/wp-json\/wp\/v2\/pages\/6531\/revisions"}],"predecessor-version":[{"id":6983,"href":"https:\/\/www.palazzidelpapa.it\/de\/wp-json\/wp\/v2\/pages\/6531\/revisions\/6983"}],"wp:attachment":[{"href":"https:\/\/www.palazzidelpapa.it\/de\/wp-json\/wp\/v2\/media?parent=6531"}],"curies":[{"name":"wp","href":"https:\/\/api.w.org\/{rel}","templated":true}]}}