{"id":6551,"date":"2018-05-15T16:33:44","date_gmt":"2018-05-15T14:33:44","guid":{"rendered":"https:\/\/www.palazzidelpapa.it\/pienza-e-dintorni\/"},"modified":"2018-07-06T21:04:19","modified_gmt":"2018-07-06T19:04:19","slug":"pienza-e-dintorni","status":"publish","type":"page","link":"https:\/\/www.palazzidelpapa.it\/de\/pienza-e-dintorni\/","title":{"rendered":"Pienza und umgebung"},"content":{"rendered":"<div class=\"wpb-content-wrapper\"><p>[vc_row][vc_column][rev_slider_vc alias=&#8220;pienza-e-dintorni&#8220; enable_paspartu=&#8220;no&#8220;][\/vc_column][\/vc_row][vc_row row_content_width=&#8220;grid&#8220; content_text_aligment=&#8220;center&#8220; css=&#8220;.vc_custom_1526387566326{padding-top: 84px !important;padding-bottom: 93px !important;}&#8220;][vc_column]<div class=\"eltd-elements-holder   eltd-one-column  eltd-responsive-mode-768 \" ><div class=\"eltd-eh-item   eltd-horizontal-alignment-center \"  data-item-class=\"eltd-eh-custom-6432\" data-1280-1600=\"0 21% 0 21%\" data-1024-1280=\"0 21% 0 21%\" data-768-1024=\"0 8% 0 8%\" data-680-768=\"0 0 0 0\" data-680=\"0 0 0 0\">\n\t<div class=\"eltd-eh-item-inner\">\n\t\t<div class=\"eltd-eh-item-content eltd-eh-custom-6432\" style=\"padding: 0 15% 0 15%\">\n\t\t\t<div class=\"eltd-section-title-holder eltd-separator-disabled  \" >\n    <div class=\"eltd-section-title-inner\">\n                    <h6 class=\"eltd-st-subtitle\" >\n                <span>Val d&#039;Orcia<\/span>\n            <\/h6>\n                            <h2 class=\"eltd-st-title \" >\n                <span class=\"eltd-st-before\">Pienza <\/span>\n                <span>und umgebung<\/span>\n            <\/h2>\n                            <\/div>\n<\/div>[vc_column_text]Das Landhaus\u00a0<b>&#8218;Palazzi del Papa&#8216;<\/b>\u00a0liegt in der N\u00e4he von Pienza, im wundersch\u00f4nen\u00a0<b>&#8218;Val d&#8217;Orcia&#8216;<\/b>, nicht weit entfernt vom fruchtbaren Tal\u00a0<b>&#8218;Valdichiana&#8216;<\/b>, das seit der R\u00f4merzeit f\u00fcr den Anbau von Wein, Oliven\u00f6l und Weizen bekannt ist. Die Gegend bietet vielf\u00e3ltige M\u00f4glichkeiten, einen Kuraufenthalt mit einem Besuch von kunsthistorischen St\u00e4dten, Kirchen, Museen und landschaftlichen unber\u00fchrten Gegenden zu verbinden, Dabei sollte der Gast jedoch nicht auf den Genuss ausgezeichneter landwirtschaftlicher Produkte wie Chianti,\u00a0<b>Vino Nobile di Montepulciano<\/b>,\u00a0<b>Brunello di Montalcino<\/b>, das ber\u00fchmte Oliven\u00f4l, das\u00a0<b>&#8218;BisteccaFiorentina&#8216;<\/b>\u00a0und den Schafsk\u00e4se\u00a0<b>&#8218;Pecorino&#8216;<\/b>\u00a0verzichten.\u00a0Es ist ein idealer Ort f\u00fcr Tagesausfl\u00fcge und Pilgerfahrten und es bietet sich ein Besuch der bekanntesten und leicht erreichbaren Orte im Zentrum Italiens an. Die St\u00e4dte\u00a0<b>San Gimignano<\/b>,\u00a0<b>Pisa<\/b>,\u00a0<b>Orvieto<\/b>,\u00a0<b>Todi<\/b>,\u00a0<b>Assisi<\/b>\u00a0und die\u00a0<b>Abteien San Galgano<\/b>,\u00a0<b>Sant&#8217;Antimo<\/b>\u00a0und\u00a0<b>Monte Oliveto Maggiore<\/b>\u00a0sind nur einige Beispiele der leicht erreichbaren Sehensw\u00fcrdigkeiten[\/vc_column_text]\t\t<\/div>\n\t<\/div>\n<\/div><\/div>[vc_empty_space height=&#8220;15px&#8220;][\/vc_column][\/vc_row][vc_row][vc_column offset=&#8220;vc_col-lg-5 vc_col-md-12 vc_col-xs-12&#8243; css=&#8220;.vc_custom_1511524010531{padding-right: 0px !important;padding-left: 0px !important;}&#8220;]<div class=\"eltd-elements-holder   eltd-one-column  eltd-responsive-mode-768 \" ><div class=\"eltd-eh-item    \" style=\"background-image: url(https:\/\/www.palazzidelpapa.it\/wp-content\/uploads\/2018\/05\/DSC_0949.jpg)\" data-item-class=\"eltd-eh-custom-1569\" data-1024-1280=\"62% 0\" data-768-1024=\"26.5% 0 26.5% 0 \" data-680-768=\"40% 0 40% 0\" data-680=\"60% 0 60% 0\">\n\t<div class=\"eltd-eh-item-inner\">\n\t\t<div class=\"eltd-eh-item-content eltd-eh-custom-1569\" style=\"padding: 55.8% 0 55.8% 0\">\n\t\t\t\t\t<\/div>\n\t<\/div>\n<\/div><\/div>[\/vc_column][vc_column offset=&#8220;vc_col-lg-7 vc_col-md-12 vc_col-xs-12&#8243; css=&#8220;.vc_custom_1511524017942{padding-right: 0px !important;padding-left: 0px !important;}&#8220;]<div class=\"eltd-elements-holder   eltd-one-column  eltd-responsive-mode-768 \" ><div class=\"eltd-eh-item   eltd-horizontal-alignment-center \"  data-item-class=\"eltd-eh-custom-4958\" data-1280-1600=\"7% 4% 0%\" data-1024-1280=\"8.2% 5% 0%\" data-768-1024=\"6.5% 4% 12.3% 4%\" data-680-768=\"9% 20% 11% 28%\" data-680=\"11% 5% 13% 7%\">\n\t<div class=\"eltd-eh-item-inner\">\n\t\t<div class=\"eltd-eh-item-content eltd-eh-custom-4958\" style=\"padding: 9% 10% 0%\">\n\t\t\t<div class=\"eltd-section-title-holder eltd-separator-disabled  eltd-st-text-position-center\" style=\"text-align: center\">\n    <div class=\"eltd-section-title-inner\">\n                            <h2 class=\"eltd-st-title eltd-title-center\" >\n                <span class=\"eltd-st-before\">Kunst <\/span>\n                <span>und Sport<\/span>\n            <\/h2>\n                            <\/div>\n<\/div>[vc_empty_space height=&#8220;5px&#8220;][vc_column_text]Das Gebiet des &#8218;Orcia &#8211; Tales ist ein idealer Ausgangspunkt f\u00fcr Trekking, Ausfl\u00fcge zu Pferd und Fahrradtouren. Und dies auf Strassen und Wanderwegen, die von Zypressen und 100- j\u00e4hrigen Pinien ges\u00e4umt sind. Dabei kann man die typische toskanische H\u00fcgellandschaft mit Olivenhainen und Weinbergen bewundern sowie Busch- und Waldgebiete, die sich mit landwirtschaftlich genutzten Fl\u00e4chen abwechseln.[\/vc_column_text][vc_empty_space height=&#8220;72px&#8220;]\t\t<\/div>\n\t<\/div>\n<\/div><\/div>[\/vc_column][\/vc_row][vc_row][vc_column][vc_column_text css=&#8220;.vc_custom_1530710382201{padding-top: 73px !important;padding-bottom: 33px !important;}&#8220;]<\/p>\n<h2 class=\"eltd-st-title \" style=\"text-align: center;\">Gallery<\/h2>\n<p>[\/vc_column_text]<div class=\"eltd-image-gallery  eltd-ig-masonry-type eltd-tiny-space  eltd-image-behavior-lightbox   \">\n\t<div class=\"eltd-ig-inner eltd-outer-space eltd-ig-masonry eltd-ig-three-columns\">\n\t\t<div class=\"eltd-ig-grid-sizer\"><\/div>\n\t\t<div class=\"eltd-ig-grid-gutter\"><\/div>\n\t\t\t\t\t\t\t\t<div class=\"eltd-ig-image eltd-item-space \">\n\t\t\t\t<div class=\"eltd-ig-image-inner\">\n\t\t\t\t\t\t\t\t\t\t\t<a itemprop=\"image\" class=\"eltd-ig-lightbox\" href=\"https:\/\/www.palazzidelpapa.it\/wp-content\/uploads\/2018\/05\/DSC_1363.jpg\" data-rel=\"prettyPhoto[image_gallery_pretty_photo-460]\" title=\"DSC_1363\">\n\t\t\t\t\t\t\t\t\t\t\t<img loading=\"lazy\" decoding=\"async\" width=\"1920\" height=\"1275\" src=\"https:\/\/www.palazzidelpapa.it\/wp-content\/uploads\/2018\/05\/DSC_1363.jpg\" class=\"attachment- size-\" alt=\"\" srcset=\"https:\/\/www.palazzidelpapa.it\/wp-content\/uploads\/2018\/05\/DSC_1363.jpg 1920w, https:\/\/www.palazzidelpapa.it\/wp-content\/uploads\/2018\/05\/DSC_1363-300x199.jpg 300w, https:\/\/www.palazzidelpapa.it\/wp-content\/uploads\/2018\/05\/DSC_1363-768x510.jpg 768w, https:\/\/www.palazzidelpapa.it\/wp-content\/uploads\/2018\/05\/DSC_1363-1024x680.jpg 1024w, https:\/\/www.palazzidelpapa.it\/wp-content\/uploads\/2018\/05\/DSC_1363-600x398.jpg 600w\" sizes=\"auto, (max-width: 1920px) 100vw, 1920px\" \/>\t\t\t\t\t\t\t\t\t\t\t<\/a>\n\t\t\t\t\t\t\t\t\t<\/div>\n\t\t\t<\/div>\n\t\t\t\t\t\t\t\t<div class=\"eltd-ig-image eltd-item-space \">\n\t\t\t\t<div class=\"eltd-ig-image-inner\">\n\t\t\t\t\t\t\t\t\t\t\t<a itemprop=\"image\" class=\"eltd-ig-lightbox\" href=\"https:\/\/www.palazzidelpapa.it\/wp-content\/uploads\/2018\/05\/DSC_1321.jpg\" data-rel=\"prettyPhoto[image_gallery_pretty_photo-460]\" title=\"DSC_1321\">\n\t\t\t\t\t\t\t\t\t\t\t<img loading=\"lazy\" decoding=\"async\" width=\"1920\" height=\"1275\" src=\"https:\/\/www.palazzidelpapa.it\/wp-content\/uploads\/2018\/05\/DSC_1321.jpg\" class=\"attachment- size-\" alt=\"\" srcset=\"https:\/\/www.palazzidelpapa.it\/wp-content\/uploads\/2018\/05\/DSC_1321.jpg 1920w, https:\/\/www.palazzidelpapa.it\/wp-content\/uploads\/2018\/05\/DSC_1321-300x199.jpg 300w, https:\/\/www.palazzidelpapa.it\/wp-content\/uploads\/2018\/05\/DSC_1321-768x510.jpg 768w, https:\/\/www.palazzidelpapa.it\/wp-content\/uploads\/2018\/05\/DSC_1321-1024x680.jpg 1024w, https:\/\/www.palazzidelpapa.it\/wp-content\/uploads\/2018\/05\/DSC_1321-600x398.jpg 600w\" sizes=\"auto, (max-width: 1920px) 100vw, 1920px\" \/>\t\t\t\t\t\t\t\t\t\t\t<\/a>\n\t\t\t\t\t\t\t\t\t<\/div>\n\t\t\t<\/div>\n\t\t\t\t\t\t\t\t<div class=\"eltd-ig-image eltd-item-space \">\n\t\t\t\t<div class=\"eltd-ig-image-inner\">\n\t\t\t\t\t\t\t\t\t\t\t<a itemprop=\"image\" class=\"eltd-ig-lightbox\" href=\"https:\/\/www.palazzidelpapa.it\/wp-content\/uploads\/2018\/05\/DSC_1230.jpg\" data-rel=\"prettyPhoto[image_gallery_pretty_photo-460]\" title=\"DSC_1230\">\n\t\t\t\t\t\t\t\t\t\t\t<img loading=\"lazy\" decoding=\"async\" width=\"1920\" height=\"1275\" src=\"https:\/\/www.palazzidelpapa.it\/wp-content\/uploads\/2018\/05\/DSC_1230.jpg\" class=\"attachment- size-\" alt=\"\" srcset=\"https:\/\/www.palazzidelpapa.it\/wp-content\/uploads\/2018\/05\/DSC_1230.jpg 1920w, https:\/\/www.palazzidelpapa.it\/wp-content\/uploads\/2018\/05\/DSC_1230-300x199.jpg 300w, https:\/\/www.palazzidelpapa.it\/wp-content\/uploads\/2018\/05\/DSC_1230-768x510.jpg 768w, https:\/\/www.palazzidelpapa.it\/wp-content\/uploads\/2018\/05\/DSC_1230-1024x680.jpg 1024w, https:\/\/www.palazzidelpapa.it\/wp-content\/uploads\/2018\/05\/DSC_1230-600x398.jpg 600w\" sizes=\"auto, (max-width: 1920px) 100vw, 1920px\" \/>\t\t\t\t\t\t\t\t\t\t\t<\/a>\n\t\t\t\t\t\t\t\t\t<\/div>\n\t\t\t<\/div>\n\t\t\t\t\t\t\t\t<div class=\"eltd-ig-image eltd-item-space \">\n\t\t\t\t<div class=\"eltd-ig-image-inner\">\n\t\t\t\t\t\t\t\t\t\t\t<a itemprop=\"image\" class=\"eltd-ig-lightbox\" href=\"https:\/\/www.palazzidelpapa.it\/wp-content\/uploads\/2018\/05\/DSC_1148.jpg\" data-rel=\"prettyPhoto[image_gallery_pretty_photo-460]\" title=\"DSC_1148\">\n\t\t\t\t\t\t\t\t\t\t\t<img loading=\"lazy\" decoding=\"async\" width=\"1920\" height=\"1275\" src=\"https:\/\/www.palazzidelpapa.it\/wp-content\/uploads\/2018\/05\/DSC_1148.jpg\" class=\"attachment- size-\" alt=\"\" srcset=\"https:\/\/www.palazzidelpapa.it\/wp-content\/uploads\/2018\/05\/DSC_1148.jpg 1920w, https:\/\/www.palazzidelpapa.it\/wp-content\/uploads\/2018\/05\/DSC_1148-300x199.jpg 300w, https:\/\/www.palazzidelpapa.it\/wp-content\/uploads\/2018\/05\/DSC_1148-768x510.jpg 768w, https:\/\/www.palazzidelpapa.it\/wp-content\/uploads\/2018\/05\/DSC_1148-1024x680.jpg 1024w, https:\/\/www.palazzidelpapa.it\/wp-content\/uploads\/2018\/05\/DSC_1148-600x398.jpg 600w\" sizes=\"auto, (max-width: 1920px) 100vw, 1920px\" \/>\t\t\t\t\t\t\t\t\t\t\t<\/a>\n\t\t\t\t\t\t\t\t\t<\/div>\n\t\t\t<\/div>\n\t\t\t\t\t\t\t\t<div class=\"eltd-ig-image eltd-item-space \">\n\t\t\t\t<div class=\"eltd-ig-image-inner\">\n\t\t\t\t\t\t\t\t\t\t\t<a itemprop=\"image\" class=\"eltd-ig-lightbox\" href=\"https:\/\/www.palazzidelpapa.it\/wp-content\/uploads\/2018\/05\/DSC_1141.jpg\" data-rel=\"prettyPhoto[image_gallery_pretty_photo-460]\" title=\"DSC_1141\">\n\t\t\t\t\t\t\t\t\t\t\t<img loading=\"lazy\" decoding=\"async\" width=\"1920\" height=\"1275\" src=\"https:\/\/www.palazzidelpapa.it\/wp-content\/uploads\/2018\/05\/DSC_1141.jpg\" class=\"attachment- size-\" alt=\"\" srcset=\"https:\/\/www.palazzidelpapa.it\/wp-content\/uploads\/2018\/05\/DSC_1141.jpg 1920w, https:\/\/www.palazzidelpapa.it\/wp-content\/uploads\/2018\/05\/DSC_1141-300x199.jpg 300w, https:\/\/www.palazzidelpapa.it\/wp-content\/uploads\/2018\/05\/DSC_1141-768x510.jpg 768w, https:\/\/www.palazzidelpapa.it\/wp-content\/uploads\/2018\/05\/DSC_1141-1024x680.jpg 1024w, https:\/\/www.palazzidelpapa.it\/wp-content\/uploads\/2018\/05\/DSC_1141-600x398.jpg 600w\" sizes=\"auto, (max-width: 1920px) 100vw, 1920px\" \/>\t\t\t\t\t\t\t\t\t\t\t<\/a>\n\t\t\t\t\t\t\t\t\t<\/div>\n\t\t\t<\/div>\n\t\t\t\t\t\t\t\t<div class=\"eltd-ig-image eltd-item-space \">\n\t\t\t\t<div class=\"eltd-ig-image-inner\">\n\t\t\t\t\t\t\t\t\t\t\t<a itemprop=\"image\" class=\"eltd-ig-lightbox\" href=\"https:\/\/www.palazzidelpapa.it\/wp-content\/uploads\/2018\/05\/DSC_1027.jpg\" data-rel=\"prettyPhoto[image_gallery_pretty_photo-460]\" title=\"DSC_1027\">\n\t\t\t\t\t\t\t\t\t\t\t<img loading=\"lazy\" decoding=\"async\" width=\"1920\" height=\"1275\" src=\"https:\/\/www.palazzidelpapa.it\/wp-content\/uploads\/2018\/05\/DSC_1027.jpg\" class=\"attachment- size-\" alt=\"\" srcset=\"https:\/\/www.palazzidelpapa.it\/wp-content\/uploads\/2018\/05\/DSC_1027.jpg 1920w, https:\/\/www.palazzidelpapa.it\/wp-content\/uploads\/2018\/05\/DSC_1027-300x199.jpg 300w, https:\/\/www.palazzidelpapa.it\/wp-content\/uploads\/2018\/05\/DSC_1027-768x510.jpg 768w, https:\/\/www.palazzidelpapa.it\/wp-content\/uploads\/2018\/05\/DSC_1027-1024x680.jpg 1024w, https:\/\/www.palazzidelpapa.it\/wp-content\/uploads\/2018\/05\/DSC_1027-600x398.jpg 600w\" sizes=\"auto, (max-width: 1920px) 100vw, 1920px\" \/>\t\t\t\t\t\t\t\t\t\t\t<\/a>\n\t\t\t\t\t\t\t\t\t<\/div>\n\t\t\t<\/div>\n\t\t\t<\/div>\n<\/div>[\/vc_column][\/vc_row]<\/p>\n<\/div>","protected":false},"excerpt":{"rendered":"<p>[vc_row][vc_column][rev_slider_vc alias=&#8220;pienza-e-dintorni&#8220; enable_paspartu=&#8220;no&#8220;][\/vc_column][\/vc_row][vc_row row_content_width=&#8220;grid&#8220; content_text_aligment=&#8220;center&#8220; css=&#8220;.vc_custom_1526387566326{padding-top: 84px !important;padding-bottom: 93px !important;}&#8220;][vc_column][vc_empty_space height=&#8220;15px&#8220;][\/vc_column][\/vc_row][vc_row][vc_column offset=&#8220;vc_col-lg-5 vc_col-md-12 vc_col-xs-12&#8243; css=&#8220;.vc_custom_1511524010531{padding-right: 0px !important;padding-left: 0px !important;}&#8220;][\/vc_column][vc_column offset=&#8220;vc_col-lg-7 vc_col-md-12 vc_col-xs-12&#8243; css=&#8220;.vc_custom_1511524017942{padding-right: 0px !important;padding-left: 0px !important;}&#8220;][\/vc_column][\/vc_row][vc_row][vc_column][vc_column_text css=&#8220;.vc_custom_1530710382201{padding-top: 73px !important;padding-bottom: 33px !important;}&#8220;] Gallery [\/vc_column_text][\/vc_column][\/vc_row]<\/p>\n","protected":false},"author":1,"featured_media":0,"parent":0,"menu_order":0,"comment_status":"closed","ping_status":"closed","template":"full-width.php","meta":{"footnotes":""},"class_list":["post-6551","page","type-page","status-publish","hentry"],"_links":{"self":[{"href":"https:\/\/www.palazzidelpapa.it\/de\/wp-json\/wp\/v2\/pages\/6551","targetHints":{"allow":["GET"]}}],"collection":[{"href":"https:\/\/www.palazzidelpapa.it\/de\/wp-json\/wp\/v2\/pages"}],"about":[{"href":"https:\/\/www.palazzidelpapa.it\/de\/wp-json\/wp\/v2\/types\/page"}],"author":[{"embeddable":true,"href":"https:\/\/www.palazzidelpapa.it\/de\/wp-json\/wp\/v2\/users\/1"}],"replies":[{"embeddable":true,"href":"https:\/\/www.palazzidelpapa.it\/de\/wp-json\/wp\/v2\/comments?post=6551"}],"version-history":[{"count":3,"href":"https:\/\/www.palazzidelpapa.it\/de\/wp-json\/wp\/v2\/pages\/6551\/revisions"}],"predecessor-version":[{"id":6615,"href":"https:\/\/www.palazzidelpapa.it\/de\/wp-json\/wp\/v2\/pages\/6551\/revisions\/6615"}],"wp:attachment":[{"href":"https:\/\/www.palazzidelpapa.it\/de\/wp-json\/wp\/v2\/media?parent=6551"}],"curies":[{"name":"wp","href":"https:\/\/api.w.org\/{rel}","templated":true}]}}