{"id":6555,"date":"2018-06-20T16:26:25","date_gmt":"2018-06-20T14:26:25","guid":{"rendered":"https:\/\/www.palazzidelpapa.it\/attivita\/"},"modified":"2018-07-10T15:41:34","modified_gmt":"2018-07-10T13:41:34","slug":"attivita","status":"publish","type":"page","link":"https:\/\/www.palazzidelpapa.it\/de\/attivita\/","title":{"rendered":"Activities"},"content":{"rendered":"<div class=\"wpb-content-wrapper\"><p>[vc_row][vc_column][rev_slider_vc alias=&#8220;attivita&#8220; enable_paspartu=&#8220;no&#8220;][\/vc_column][\/vc_row][vc_row row_content_width=&#8220;grid&#8220; content_text_aligment=&#8220;center&#8220; css=&#8220;.vc_custom_1530655107874{padding-top: 74px !important;padding-bottom: 93px !important;}&#8220;][vc_column]<div class=\"eltd-section-title-holder eltd-separator-disabled  \" >\n    <div class=\"eltd-section-title-inner\">\n                            <h2 class=\"eltd-st-title \" >\n                <span class=\"eltd-st-before\"><\/span>\n                <span>Was unternimmt man in Pienza und der Val d&#039;Orcia?<\/span>\n            <\/h2>\n                            <\/div>\n<\/div>[vc_column_text]Agriturismo Palazzi Del Papa ist in der Landschaft von Pienza, etwa 15 km von der Stadt Pius II, die Magie Val d&#8217;Orcia, und zugleich nicht weit von der fruchtbaren Valdichiana, ber\u00fchmten Gebiete seit der R\u00f6merzeit f\u00fcr die Herstellung von \u00d6l, Wein und Weizen.<br \/>\nDas Anwesen bietet viele M\u00f6glichkeiten f\u00fcr diejenigen, die einen Urlaub, die K\u00f6rperpflege mit einem Besuch Kunststadt, Kirchen, Museen und Landschaften unver\u00e4ndert im Laufe der Zeit verbindet. Ohne jedoch unter Vernachl\u00e4ssigung der gastronomische Aspekt eines Landes, das die Welt sich der extra natives Oliven\u00f6l gemacht, Weine wie Chianti, Nobile di Montepulciano, Brunello di Montalcino oder Lebensmittel wie Beefsteak und K\u00e4se Pecorino.<br \/>\nUnd \u201ader ideale Ort f\u00fcr Ausfl\u00fcge und Pilger Ort innerhalb von einem Tag zu nehmen, zu welchem \u200b\u200bZeitpunkt Sie die ber\u00fchmtesten Orte Mittelitaliens besuchen: San Gimignano, Pisa, Orvieto, Todi, Assisi, die Abteien von San Galgano, Sant \u201aAntimo und Monte Oliveto Maggiore sind nur einige Beispiele f\u00fcr alles, was leicht zug\u00e4nglich ist.[\/vc_column_text][vc_empty_space height=&#8220;15px&#8220;][\/vc_column][\/vc_row][vc_row row_content_width=&#8220;grid&#8220; css=&#8220;.vc_custom_1529505962927{margin-bottom: 22px !important;}&#8220;][vc_column width=&#8220;1\/3&#8243;][vc_single_image image=&#8220;5932&#8243; img_size=&#8220;640&#215;400&#8243; onclick=&#8220;custom_link&#8220; link=&#8220;https:\/\/www.palazzidelpapa.it\/de\/degustazione-vino\/&#8220;][vc_column_text]<strong>Weindegustation<\/strong><\/p>\n<p>F\u00fchrungen und Degustation des Weines Vino Nobile di Montepulciano \u2013 Kellerei Contucci.<\/p>\n<p><a href=\"https:\/\/www.palazzidelpapa.it\/de\/degustazione-vino\/\">Lies alles &gt;&gt;<\/a>[\/vc_column_text][\/vc_column][vc_column width=&#8220;1\/3&#8243;][vc_single_image image=&#8220;5940&#8243; img_size=&#8220;640&#215;400&#8243; onclick=&#8220;custom_link&#8220; link=&#8220;https:\/\/www.palazzidelpapa.it\/de\/degustazione-formaggio\/&#8220;][vc_column_text]<strong>K\u00e4sedegustation<\/strong><\/p>\n<p>Besichtigung der Farm und Kostprobe des Pecorino di Pienza \u2013 Landgut Fattoria Pianporcino.<\/p>\n<p><a href=\"https:\/\/www.palazzidelpapa.it\/en\/degustazione-formaggio\/\">Lies alles &gt;&gt;<\/a>[\/vc_column_text][\/vc_column][vc_column width=&#8220;1\/3&#8243;][vc_single_image image=&#8220;5944&#8243; img_size=&#8220;546&#215;379&#8243; onclick=&#8220;custom_link&#8220; link=&#8220;https:\/\/www.palazzidelpapa.it\/de\/escursione-a-cavallo\/&#8220;][vc_column_text]<strong>Reitausfl\u00fcge<\/strong><\/p>\n<p>Eine Tour zu Pferd in der Val d&#8217;Orcia \u2013 Reitsportzentrum Centro Equestre Tre Laghi.<\/p>\n<p><a href=\"https:\/\/www.palazzidelpapa.it\/de\/escursione-a-cavallo\/\">Lies alles &gt;&gt;<\/a>[\/vc_column_text][\/vc_column][\/vc_row][vc_row row_content_width=&#8220;grid&#8220; css=&#8220;.vc_custom_1529505968501{margin-bottom: 22px !important;}&#8220;][vc_column width=&#8220;1\/3&#8243;][vc_single_image image=&#8220;5948&#8243; img_size=&#8220;640&#215;400&#8243; onclick=&#8220;custom_link&#8220; link=&#8220;https:\/\/www.palazzidelpapa.it\/de\/tour-in-bici-e-noleggio-e-bike\/&#8220;][vc_column_text]<strong>Fahrradausfl\u00fcge und E-Bike-Verleih<\/strong><\/p>\n<p>Erkunde die Toskana auf dem Fahrrad \u2013 Cicloposse &amp; Byebike.<\/p>\n<p><a href=\"https:\/\/www.palazzidelpapa.it\/de\/tour-in-bici-e-noleggio-e-bike\/\">Lies alles &gt;&gt;<\/a>[\/vc_column_text][\/vc_column][vc_column width=&#8220;1\/3&#8243;][vc_single_image image=&#8220;5952&#8243; img_size=&#8220;640&#215;400&#8243; onclick=&#8220;custom_link&#8220; link=&#8220;https:\/\/www.palazzidelpapa.it\/de\/autonoleggio-e-tour-con-conducente\/&#8220;][vc_column_text]<strong>Fahrzeugverleih und Mietwagen mit Fahrer<\/strong><\/p>\n<p>Verleih und Touren im Auto \u2013 Limotuscany und Fahrzeugverleih Autonoleggio Il Girasole<\/p>\n<p><a href=\"https:\/\/www.palazzidelpapa.it\/de\/autonoleggio-e-tour-con-conducente\/\">Lies alles &gt;&gt;<\/a>[\/vc_column_text][\/vc_column][vc_column width=&#8220;1\/3&#8243;][vc_single_image image=&#8220;5956&#8243; img_size=&#8220;640&#215;400&#8243; onclick=&#8220;custom_link&#8220; link=&#8220;https:\/\/www.palazzidelpapa.it\/de\/vespa-tour\/&#8220;][vc_column_text]<strong>Vespatouren<\/strong><\/p>\n<p>Verleih und organisierte Touren mit historischen Fahrzeugen \u2013 Vintage Tours.<br \/>\n<a href=\"https:\/\/www.palazzidelpapa.it\/de\/impara-litaliano\/\">Lies alles &gt;&gt;<\/a>[\/vc_column_text][\/vc_column][\/vc_row][vc_row row_content_width=&#8220;grid&#8220; css=&#8220;.vc_custom_1529505974940{margin-bottom: 22px !important;}&#8220;][vc_column width=&#8220;1\/3&#8243;][vc_single_image image=&#8220;5960&#8243; img_size=&#8220;640&#215;400&#8243; onclick=&#8220;custom_link&#8220; link=&#8220;https:\/\/www.palazzidelpapa.it\/de\/impara-litaliano\/&#8220;][vc_column_text]<strong>Italienisch lernen<\/strong><\/p>\n<p>Bist du bereit f\u00fcr einen Italienischkurs in der Toskana? \u2013 Schule Scuola Il Sasso.<\/p>\n<p><a href=\"https:\/\/www.palazzidelpapa.it\/de\/impara-litaliano\/\">Lies alles &gt;&gt;<\/a>[\/vc_column_text][\/vc_column][vc_column width=&#8220;1\/3&#8243;][vc_single_image image=&#8220;5964&#8243; img_size=&#8220;640&#215;400&#8243; onclick=&#8220;custom_link&#8220; link=&#8220;https:\/\/www.palazzidelpapa.it\/de\/tour-fotografico-in-toscana\/&#8220;][vc_column_text]<strong>Fotografietour in der Toskana<\/strong><\/p>\n<p>Ein Geschenk f\u00fcr alle Fotografieliebhaber \u2013 I Love Tuscany.<\/p>\n<p><a href=\"https:\/\/www.palazzidelpapa.it\/de\/tour-fotografico-in-toscana\/\">Lies alles &gt;&gt;<\/a>[\/vc_column_text][\/vc_column][vc_column width=&#8220;1\/3&#8243;][vc_single_image image=&#8220;5968&#8243; img_size=&#8220;640&#215;400&#8243; onclick=&#8220;custom_link&#8220; link=&#8220;https:\/\/www.palazzidelpapa.it\/giro-in-mongolfiera\/&#8220;][vc_column_text]<strong>Hei\u00dfluftballonfl\u00fcge<\/strong><\/p>\n<p>Kommt und seht euch die Landschaft der Toskana aus der Vogelperspektive an \u2013 Ballooning In Tuscany.<\/p>\n<p><a href=\"https:\/\/www.palazzidelpapa.it\/de\/giro-in-mongolfiera\/\">Lies alles&gt;&gt;<\/a>[\/vc_column_text][\/vc_column][\/vc_row]<\/p>\n<\/div>","protected":false},"excerpt":{"rendered":"<p>[vc_row][vc_column][rev_slider_vc alias=&#8220;attivita&#8220; enable_paspartu=&#8220;no&#8220;][\/vc_column][\/vc_row][vc_row row_content_width=&#8220;grid&#8220; content_text_aligment=&#8220;center&#8220; css=&#8220;.vc_custom_1530655107874{padding-top: 74px !important;padding-bottom: 93px !important;}&#8220;][vc_column][vc_column_text]Agriturismo Palazzi Del Papa ist in der Landschaft von Pienza, etwa 15 km von der Stadt Pius II, die Magie Val d&#8217;Orcia, und zugleich nicht weit von der fruchtbaren Valdichiana, ber\u00fchmten [&hellip;]<\/p>\n","protected":false},"author":1,"featured_media":0,"parent":0,"menu_order":0,"comment_status":"closed","ping_status":"closed","template":"full-width.php","meta":{"footnotes":""},"class_list":["post-6555","page","type-page","status-publish","hentry"],"_links":{"self":[{"href":"https:\/\/www.palazzidelpapa.it\/de\/wp-json\/wp\/v2\/pages\/6555","targetHints":{"allow":["GET"]}}],"collection":[{"href":"https:\/\/www.palazzidelpapa.it\/de\/wp-json\/wp\/v2\/pages"}],"about":[{"href":"https:\/\/www.palazzidelpapa.it\/de\/wp-json\/wp\/v2\/types\/page"}],"author":[{"embeddable":true,"href":"https:\/\/www.palazzidelpapa.it\/de\/wp-json\/wp\/v2\/users\/1"}],"replies":[{"embeddable":true,"href":"https:\/\/www.palazzidelpapa.it\/de\/wp-json\/wp\/v2\/comments?post=6555"}],"version-history":[{"count":12,"href":"https:\/\/www.palazzidelpapa.it\/de\/wp-json\/wp\/v2\/pages\/6555\/revisions"}],"predecessor-version":[{"id":6720,"href":"https:\/\/www.palazzidelpapa.it\/de\/wp-json\/wp\/v2\/pages\/6555\/revisions\/6720"}],"wp:attachment":[{"href":"https:\/\/www.palazzidelpapa.it\/de\/wp-json\/wp\/v2\/media?parent=6555"}],"curies":[{"name":"wp","href":"https:\/\/api.w.org\/{rel}","templated":true}]}}