{"id":6572,"date":"2018-07-04T15:40:33","date_gmt":"2018-07-04T13:40:33","guid":{"rendered":"https:\/\/www.palazzidelpapa.it\/tour-in-bici-e-noleggio-e-bike\/"},"modified":"2018-07-10T15:43:22","modified_gmt":"2018-07-10T13:43:22","slug":"tour-in-bici-e-noleggio-e-bike","status":"publish","type":"page","link":"https:\/\/www.palazzidelpapa.it\/de\/tour-in-bici-e-noleggio-e-bike\/","title":{"rendered":"Fahrradausfl\u00fcge und E-Bike-Verleih"},"content":{"rendered":"<div class=\"wpb-content-wrapper\"><p>[vc_row row_content_width=&#8220;grid&#8220; content_text_aligment=&#8220;center&#8220; css=&#8220;.vc_custom_1530655107874{padding-top: 74px !important;padding-bottom: 93px !important;}&#8220;][vc_column]<div class=\"eltd-section-title-holder eltd-separator-disabled  \" >\n    <div class=\"eltd-section-title-inner\">\n                            <h2 class=\"eltd-st-title \" >\n                <span class=\"eltd-st-before\"><\/span>\n                <span>Fahrradausfl\u00fcge und E-Bike-Verleih<\/span>\n            <\/h2>\n                            <\/div>\n<\/div>[\/vc_column][\/vc_row][vc_row row_content_width=&#8220;grid&#8220; css=&#8220;.vc_custom_1529505962927{margin-bottom: 22px !important;}&#8220;][vc_column width=&#8220;1\/2&#8243;][vc_single_image image=&#8220;6166&#8243; img_size=&#8220;640&#215;400&#8243;][\/vc_column][vc_column width=&#8220;1\/2&#8243;][vc_column_text]<a href=\"http:\/\/cicloposse.com\/\" target=\"_blank\" rel=\"noopener\">Cicloposse<\/a>\u00a0bietet gef\u00fchrte Fahrradausfl\u00fcge auf den Stra\u00dfen der Val d\u2019Orcia an, vorbei an Ortschaften aus dem Mittelalter und der Renaissance, mitten in den Weinreben des Brunello. Rennr\u00e4der und Hybrid-Fahrr\u00e4der stehen auch zum Verleih zur Verf\u00fcgung.<br \/>\nBei\u00a0<a href=\"http:\/\/bye.bike\/en\/\" target=\"_blank\" rel=\"noopener\">Byebike<\/a>\u00a0k\u00f6nnen w\u00e4hrend des Toskana-Aufenthalts Elektro-Fahrr\u00e4der in der Val d\u2019Orcia, der Val di Chiana oder in der Chianti-Gegend ausgeliehen werden. So k\u00f6nnen Sie ganz ohne Anstrengung auch jene Orte erkunden, die sonst zu schwer zu erreichen w\u00e4ren[\/vc_column_text][vc_column_text]<a href=\"https:\/\/www.palazzidelpapa.it\/de\/attivita\/\">&lt;&lt; zur\u00fcck<\/a>[\/vc_column_text][\/vc_column][\/vc_row]<\/p>\n<\/div>","protected":false},"excerpt":{"rendered":"<p>[vc_row row_content_width=&#8220;grid&#8220; content_text_aligment=&#8220;center&#8220; css=&#8220;.vc_custom_1530655107874{padding-top: 74px !important;padding-bottom: 93px !important;}&#8220;][vc_column][\/vc_column][\/vc_row][vc_row row_content_width=&#8220;grid&#8220; css=&#8220;.vc_custom_1529505962927{margin-bottom: 22px !important;}&#8220;][vc_column width=&#8220;1\/2&#8243;][vc_single_image image=&#8220;6166&#8243; img_size=&#8220;640&#215;400&#8243;][\/vc_column][vc_column width=&#8220;1\/2&#8243;][vc_column_text]Cicloposse\u00a0bietet gef\u00fchrte Fahrradausfl\u00fcge auf den Stra\u00dfen der Val d\u2019Orcia an, vorbei an Ortschaften aus dem Mittelalter und der Renaissance, mitten in den Weinreben des Brunello. [&hellip;]<\/p>\n","protected":false},"author":1,"featured_media":0,"parent":0,"menu_order":0,"comment_status":"closed","ping_status":"closed","template":"full-width.php","meta":{"footnotes":""},"class_list":["post-6572","page","type-page","status-publish","hentry"],"_links":{"self":[{"href":"https:\/\/www.palazzidelpapa.it\/de\/wp-json\/wp\/v2\/pages\/6572","targetHints":{"allow":["GET"]}}],"collection":[{"href":"https:\/\/www.palazzidelpapa.it\/de\/wp-json\/wp\/v2\/pages"}],"about":[{"href":"https:\/\/www.palazzidelpapa.it\/de\/wp-json\/wp\/v2\/types\/page"}],"author":[{"embeddable":true,"href":"https:\/\/www.palazzidelpapa.it\/de\/wp-json\/wp\/v2\/users\/1"}],"replies":[{"embeddable":true,"href":"https:\/\/www.palazzidelpapa.it\/de\/wp-json\/wp\/v2\/comments?post=6572"}],"version-history":[{"count":2,"href":"https:\/\/www.palazzidelpapa.it\/de\/wp-json\/wp\/v2\/pages\/6572\/revisions"}],"predecessor-version":[{"id":6725,"href":"https:\/\/www.palazzidelpapa.it\/de\/wp-json\/wp\/v2\/pages\/6572\/revisions\/6725"}],"wp:attachment":[{"href":"https:\/\/www.palazzidelpapa.it\/de\/wp-json\/wp\/v2\/media?parent=6572"}],"curies":[{"name":"wp","href":"https:\/\/api.w.org\/{rel}","templated":true}]}}