{"id":6537,"date":"2018-05-17T16:05:28","date_gmt":"2018-05-17T14:05:28","guid":{"rendered":"https:\/\/www.palazzidelpapa.it\/azienda\/"},"modified":"2018-07-10T10:01:56","modified_gmt":"2018-07-10T08:01:56","slug":"azienda","status":"publish","type":"page","link":"https:\/\/www.palazzidelpapa.it\/es\/azienda\/","title":{"rendered":"La Hacienda"},"content":{"rendered":"<div class=\"wpb-content-wrapper\"><p>[vc_row][vc_column]\n\t\t\t<!-- START azienda REVOLUTION SLIDER 6.7.35 --><p class=\"rs-p-wp-fix\"><\/p>\n\t\t\t<rs-module-wrap id=\"rev_slider_5_1_wrapper\" data-source=\"gallery\" style=\"visibility:hidden;background:transparent;padding:0;margin:0px auto;margin-top:0;margin-bottom:0;\">\n\t\t\t\t<rs-module id=\"rev_slider_5_1\" style=\"\" data-version=\"6.7.35\">\n\t\t\t\t\t<rs-slides style=\"overflow: hidden; position: absolute;\">\n\t\t\t\t\t\t<rs-slide style=\"position: absolute;\" data-key=\"rs-30\" data-title=\"Slide\" data-thumb=\"\/\/www.palazzidelpapa.it\/wp-content\/uploads\/2018\/05\/DSC_1182-100x50.jpg\" data-anim=\"adpr:false;\">\n\t\t\t\t\t\t\t<img decoding=\"async\" src=\"\/\/www.palazzidelpapa.it\/wp-content\/plugins\/revslider\/sr6\/assets\/assets\/dummy.png\" alt=\"\" title=\"La Hacienda\" class=\"rev-slidebg tp-rs-img rs-lazyload\" data-lazyload=\"\/\/www.palazzidelpapa.it\/wp-content\/uploads\/2018\/05\/DSC_1182.jpg\" data-parallax=\"9\" data-no-retina>\n<!---->\t\t\t\t\t<\/rs-slide>\n\t\t\t\t\t\t<rs-slide style=\"position: absolute;\" data-key=\"rs-33\" data-title=\"Slide\" data-thumb=\"\/\/www.palazzidelpapa.it\/wp-content\/uploads\/2018\/05\/WEB-Pallazi-di-Papa-0225-100x50.jpg\" data-anim=\"adpr:false;\">\n\t\t\t\t\t\t\t<img decoding=\"async\" src=\"\/\/www.palazzidelpapa.it\/wp-content\/plugins\/revslider\/sr6\/assets\/assets\/dummy.png\" alt=\"\" title=\"La Hacienda\" class=\"rev-slidebg tp-rs-img rs-lazyload\" data-lazyload=\"\/\/www.palazzidelpapa.it\/wp-content\/uploads\/2018\/05\/WEB-Pallazi-di-Papa-0225.jpg\" data-parallax=\"9\" data-no-retina>\n<!--\n\t\t\t\t\t\t\t--><rs-layer\n\t\t\t\t\t\t\t\tid=\"slider-5-slide-33-layer-6\" \n\t\t\t\t\t\t\t\tdata-type=\"text\"\n\t\t\t\t\t\t\t\tdata-rsp_ch=\"on\"\n\t\t\t\t\t\t\t\tdata-xy=\"x:c;xo:0,-170px,-100px,0;y:t,m,m,m;yo:220px,-61px,-70px,-138px;\"\n\t\t\t\t\t\t\t\tdata-text=\"w:normal;s:80,65,48,40;l:80,60,60,40;fw:700;a:inherit;\"\n\t\t\t\t\t\t\t\tdata-dim=\"w:1010px,563px,416px,250px;h:163px,121px,61px,42px;\"\n\t\t\t\t\t\t\t\tdata-frame_0=\"y:50px;tp:600;\"\n\t\t\t\t\t\t\t\tdata-frame_1=\"tp:600;e:power2.out;st:450;sp:900;sR:450;\"\n\t\t\t\t\t\t\t\tdata-frame_999=\"y:-50px;o:0;tp:600;e:power2.out;st:w;sp:800;sR:1050;\"\n\t\t\t\t\t\t\t\tstyle=\"z-index:5;font-family:'Playfair Display';text-shadow:0px 2px 0px rgba(0, 0, 0, 0.21);\"\n\t\t\t\t\t\t\t> \n\t\t\t\t\t\t\t<\/rs-layer><!--\n-->\t\t\t\t\t<\/rs-slide>\n\t\t\t\t\t\t<rs-slide style=\"position: absolute;\" data-key=\"rs-31\" data-title=\"Slide\" data-thumb=\"\/\/www.palazzidelpapa.it\/wp-content\/uploads\/2018\/05\/DSC_1148-100x50.jpg\" data-anim=\"adpr:false;\">\n\t\t\t\t\t\t\t<img decoding=\"async\" src=\"\/\/www.palazzidelpapa.it\/wp-content\/plugins\/revslider\/sr6\/assets\/assets\/dummy.png\" alt=\"\" title=\"La Hacienda\" class=\"rev-slidebg tp-rs-img rs-lazyload\" data-lazyload=\"\/\/www.palazzidelpapa.it\/wp-content\/uploads\/2018\/05\/DSC_1148.jpg\" data-parallax=\"9\" data-no-retina>\n<!---->\t\t\t\t\t<\/rs-slide>\n\t\t\t\t\t<\/rs-slides>\n\t\t\t\t<\/rs-module>\n\t\t\t\t<script>\n\t\t\t\t\tsetREVStartSize({c: 'rev_slider_5_1',rl:[1240,1024,778,480],el:[],gw:[1240,800,650,400],gh:[550,450,600,500],type:'standard',justify:'',layout:'fullwidth',mh:\"0\"});if (window.RS_MODULES!==undefined && window.RS_MODULES.modules!==undefined && window.RS_MODULES.modules[\"revslider51\"]!==undefined) {window.RS_MODULES.modules[\"revslider51\"].once = false;window.revapi5 = undefined;if (window.RS_MODULES.checkMinimal!==undefined) window.RS_MODULES.checkMinimal()}\n\t\t\t\t<\/script>\n\t\t\t<\/rs-module-wrap>\n\t\t\t<!-- END REVOLUTION SLIDER -->\n[\/vc_column][\/vc_row][vc_row row_content_width=\u00bbgrid\u00bb content_text_aligment=\u00bbcenter\u00bb css=\u00bb.vc_custom_1530654142109{padding-top: 34px !important;padding-bottom: 93px !important;}\u00bb][vc_column]<div class=\"eltd-elements-holder   eltd-one-column  eltd-responsive-mode-768 \" ><div class=\"eltd-eh-item   eltd-horizontal-alignment-center \"  data-item-class=\"eltd-eh-custom-6291\" data-1280-1600=\"0 21% 0 21%\" data-1024-1280=\"0 21% 0 21%\" data-768-1024=\"0 8% 0 8%\" data-680-768=\"0 0 0 0\" data-680=\"0 0 0 0\">\n\t<div class=\"eltd-eh-item-inner\">\n\t\t<div class=\"eltd-eh-item-content eltd-eh-custom-6291\" style=\"padding: 0 15% 0 15%\">\n\t\t\t[vc_column_text]<\/p>\n<h2 class=\"eltd-st-title \" style=\"text-align: center;\">La Hacienda<\/h2>\n<p>La estancia \u201cPalazzi del Papa\u201d fue construida en los a\u00f1os \u201930 por el Marqu\u00e9s Origo, precisamente donde se alzaba una antigua posada, en donde las eminencias que transitaban la cercana via Francigena a menudo se deten\u00edan a reposarse. Este caser\u00edo, ubicado en medio a la reserva natural Lucciola Bella, en la actualidad es de propiedad de la Empresa Agr\u00edcola Nardi Enzo. La empresa est\u00e1 compuesta por alrededor de 100 hect\u00e1reas, cultivadas con cereales y granos empleados para la cr\u00eda del ganado de\u00a0<a href=\"https:\/\/www.palazzidelpapa.it\/razzachianina.es.php\"><b>Raza Chianina<\/b><\/a>, que representa la actividad m\u00e1s importante de la empresa. De los vi\u00f1edos se obtiene un excelente\u00a0<b>vino tinto DOC Orcia<\/b>\u00a0que los gratos hu\u00e9spedes podr\u00e1n degustar durante su estad\u00eda, luego de la visita al criadero de la Raza Chianina y el resto de los animales de corral, como pollos, ocas y conejos.[\/vc_column_text]\t\t<\/div>\n\t<\/div>\n<\/div><\/div>[\/vc_column][\/vc_row][vc_row row_content_width=\u00bbgrid\u00bb css=\u00bb.vc_custom_1526567403437{padding-top: 10px !important;padding-bottom: 20px !important;}\u00bb][vc_column]<div class=\"eltd-image-gallery  eltd-ig-masonry-type eltd-tiny-space  eltd-image-behavior-lightbox   \">\n\t<div class=\"eltd-ig-inner eltd-outer-space eltd-ig-masonry eltd-ig-three-columns\">\n\t\t<div class=\"eltd-ig-grid-sizer\"><\/div>\n\t\t<div class=\"eltd-ig-grid-gutter\"><\/div>\n\t\t\t\t\t\t\t\t<div class=\"eltd-ig-image eltd-item-space \">\n\t\t\t\t<div class=\"eltd-ig-image-inner\">\n\t\t\t\t\t\t\t\t\t\t\t<a itemprop=\"image\" class=\"eltd-ig-lightbox\" href=\"https:\/\/www.palazzidelpapa.it\/wp-content\/uploads\/2018\/05\/DSC_1148.jpg\" data-rel=\"prettyPhoto[image_gallery_pretty_photo-574]\" title=\"DSC_1148\">\n\t\t\t\t\t\t\t\t\t\t\t<img loading=\"lazy\" decoding=\"async\" width=\"1920\" height=\"1275\" src=\"https:\/\/www.palazzidelpapa.it\/wp-content\/uploads\/2018\/05\/DSC_1148.jpg\" class=\"attachment- size-\" alt=\"\" srcset=\"https:\/\/www.palazzidelpapa.it\/wp-content\/uploads\/2018\/05\/DSC_1148.jpg 1920w, https:\/\/www.palazzidelpapa.it\/wp-content\/uploads\/2018\/05\/DSC_1148-300x199.jpg 300w, https:\/\/www.palazzidelpapa.it\/wp-content\/uploads\/2018\/05\/DSC_1148-768x510.jpg 768w, https:\/\/www.palazzidelpapa.it\/wp-content\/uploads\/2018\/05\/DSC_1148-1024x680.jpg 1024w, https:\/\/www.palazzidelpapa.it\/wp-content\/uploads\/2018\/05\/DSC_1148-600x398.jpg 600w\" sizes=\"auto, (max-width: 1920px) 100vw, 1920px\" \/>\t\t\t\t\t\t\t\t\t\t\t<\/a>\n\t\t\t\t\t\t\t\t\t<\/div>\n\t\t\t<\/div>\n\t\t\t\t\t\t\t\t<div class=\"eltd-ig-image eltd-item-space \">\n\t\t\t\t<div class=\"eltd-ig-image-inner\">\n\t\t\t\t\t\t\t\t\t\t\t<a itemprop=\"image\" class=\"eltd-ig-lightbox\" href=\"https:\/\/www.palazzidelpapa.it\/wp-content\/uploads\/2018\/05\/DSC_1141.jpg\" data-rel=\"prettyPhoto[image_gallery_pretty_photo-574]\" title=\"DSC_1141\">\n\t\t\t\t\t\t\t\t\t\t\t<img loading=\"lazy\" decoding=\"async\" width=\"1920\" height=\"1275\" src=\"https:\/\/www.palazzidelpapa.it\/wp-content\/uploads\/2018\/05\/DSC_1141.jpg\" class=\"attachment- size-\" alt=\"\" srcset=\"https:\/\/www.palazzidelpapa.it\/wp-content\/uploads\/2018\/05\/DSC_1141.jpg 1920w, https:\/\/www.palazzidelpapa.it\/wp-content\/uploads\/2018\/05\/DSC_1141-300x199.jpg 300w, https:\/\/www.palazzidelpapa.it\/wp-content\/uploads\/2018\/05\/DSC_1141-768x510.jpg 768w, https:\/\/www.palazzidelpapa.it\/wp-content\/uploads\/2018\/05\/DSC_1141-1024x680.jpg 1024w, https:\/\/www.palazzidelpapa.it\/wp-content\/uploads\/2018\/05\/DSC_1141-600x398.jpg 600w\" sizes=\"auto, (max-width: 1920px) 100vw, 1920px\" \/>\t\t\t\t\t\t\t\t\t\t\t<\/a>\n\t\t\t\t\t\t\t\t\t<\/div>\n\t\t\t<\/div>\n\t\t\t\t\t\t\t\t<div class=\"eltd-ig-image eltd-item-space \">\n\t\t\t\t<div class=\"eltd-ig-image-inner\">\n\t\t\t\t\t\t\t\t\t\t\t<a itemprop=\"image\" class=\"eltd-ig-lightbox\" href=\"https:\/\/www.palazzidelpapa.it\/wp-content\/uploads\/2018\/05\/DSC_2625.jpg\" data-rel=\"prettyPhoto[image_gallery_pretty_photo-574]\" title=\"DSC_2625\">\n\t\t\t\t\t\t\t\t\t\t\t<img loading=\"lazy\" decoding=\"async\" width=\"1200\" height=\"797\" src=\"https:\/\/www.palazzidelpapa.it\/wp-content\/uploads\/2018\/05\/DSC_2625.jpg\" class=\"attachment- size-\" alt=\"\" srcset=\"https:\/\/www.palazzidelpapa.it\/wp-content\/uploads\/2018\/05\/DSC_2625.jpg 1200w, https:\/\/www.palazzidelpapa.it\/wp-content\/uploads\/2018\/05\/DSC_2625-300x199.jpg 300w, https:\/\/www.palazzidelpapa.it\/wp-content\/uploads\/2018\/05\/DSC_2625-768x510.jpg 768w, https:\/\/www.palazzidelpapa.it\/wp-content\/uploads\/2018\/05\/DSC_2625-1024x680.jpg 1024w, https:\/\/www.palazzidelpapa.it\/wp-content\/uploads\/2018\/05\/DSC_2625-600x399.jpg 600w\" sizes=\"auto, (max-width: 1200px) 100vw, 1200px\" \/>\t\t\t\t\t\t\t\t\t\t\t<\/a>\n\t\t\t\t\t\t\t\t\t<\/div>\n\t\t\t<\/div>\n\t\t\t\t\t\t\t\t<div class=\"eltd-ig-image eltd-item-space \">\n\t\t\t\t<div class=\"eltd-ig-image-inner\">\n\t\t\t\t\t\t\t\t\t\t\t<a itemprop=\"image\" class=\"eltd-ig-lightbox\" href=\"https:\/\/www.palazzidelpapa.it\/wp-content\/uploads\/2018\/05\/DSC_2156.jpg\" data-rel=\"prettyPhoto[image_gallery_pretty_photo-574]\" title=\"DSC_2156\">\n\t\t\t\t\t\t\t\t\t\t\t<img loading=\"lazy\" decoding=\"async\" width=\"1200\" height=\"797\" src=\"https:\/\/www.palazzidelpapa.it\/wp-content\/uploads\/2018\/05\/DSC_2156.jpg\" class=\"attachment- size-\" alt=\"\" srcset=\"https:\/\/www.palazzidelpapa.it\/wp-content\/uploads\/2018\/05\/DSC_2156.jpg 1200w, https:\/\/www.palazzidelpapa.it\/wp-content\/uploads\/2018\/05\/DSC_2156-300x199.jpg 300w, https:\/\/www.palazzidelpapa.it\/wp-content\/uploads\/2018\/05\/DSC_2156-768x510.jpg 768w, https:\/\/www.palazzidelpapa.it\/wp-content\/uploads\/2018\/05\/DSC_2156-1024x680.jpg 1024w, https:\/\/www.palazzidelpapa.it\/wp-content\/uploads\/2018\/05\/DSC_2156-600x399.jpg 600w\" sizes=\"auto, (max-width: 1200px) 100vw, 1200px\" \/>\t\t\t\t\t\t\t\t\t\t\t<\/a>\n\t\t\t\t\t\t\t\t\t<\/div>\n\t\t\t<\/div>\n\t\t\t\t\t\t\t\t<div class=\"eltd-ig-image eltd-item-space \">\n\t\t\t\t<div class=\"eltd-ig-image-inner\">\n\t\t\t\t\t\t\t\t\t\t\t<a itemprop=\"image\" class=\"eltd-ig-lightbox\" href=\"https:\/\/www.palazzidelpapa.it\/wp-content\/uploads\/2018\/05\/DSC_1182.jpg\" data-rel=\"prettyPhoto[image_gallery_pretty_photo-574]\" title=\"DSC_1182\">\n\t\t\t\t\t\t\t\t\t\t\t<img loading=\"lazy\" decoding=\"async\" width=\"1200\" height=\"797\" src=\"https:\/\/www.palazzidelpapa.it\/wp-content\/uploads\/2018\/05\/DSC_1182.jpg\" class=\"attachment- size-\" alt=\"\" srcset=\"https:\/\/www.palazzidelpapa.it\/wp-content\/uploads\/2018\/05\/DSC_1182.jpg 1200w, https:\/\/www.palazzidelpapa.it\/wp-content\/uploads\/2018\/05\/DSC_1182-300x199.jpg 300w, https:\/\/www.palazzidelpapa.it\/wp-content\/uploads\/2018\/05\/DSC_1182-768x510.jpg 768w, https:\/\/www.palazzidelpapa.it\/wp-content\/uploads\/2018\/05\/DSC_1182-1024x680.jpg 1024w, https:\/\/www.palazzidelpapa.it\/wp-content\/uploads\/2018\/05\/DSC_1182-600x399.jpg 600w\" sizes=\"auto, (max-width: 1200px) 100vw, 1200px\" \/>\t\t\t\t\t\t\t\t\t\t\t<\/a>\n\t\t\t\t\t\t\t\t\t<\/div>\n\t\t\t<\/div>\n\t\t\t\t\t\t\t\t<div class=\"eltd-ig-image eltd-item-space \">\n\t\t\t\t<div class=\"eltd-ig-image-inner\">\n\t\t\t\t\t\t\t\t\t\t\t<a itemprop=\"image\" class=\"eltd-ig-lightbox\" href=\"https:\/\/www.palazzidelpapa.it\/wp-content\/uploads\/2018\/05\/WEB-Pallazi-di-Papa-0225.jpg\" data-rel=\"prettyPhoto[image_gallery_pretty_photo-574]\" title=\"WEB -Pallazi di Papa-0225\">\n\t\t\t\t\t\t\t\t\t\t\t<img loading=\"lazy\" decoding=\"async\" width=\"2000\" height=\"1335\" src=\"https:\/\/www.palazzidelpapa.it\/wp-content\/uploads\/2018\/05\/WEB-Pallazi-di-Papa-0225.jpg\" class=\"attachment- size-\" alt=\"\" srcset=\"https:\/\/www.palazzidelpapa.it\/wp-content\/uploads\/2018\/05\/WEB-Pallazi-di-Papa-0225.jpg 2000w, https:\/\/www.palazzidelpapa.it\/wp-content\/uploads\/2018\/05\/WEB-Pallazi-di-Papa-0225-300x200.jpg 300w, https:\/\/www.palazzidelpapa.it\/wp-content\/uploads\/2018\/05\/WEB-Pallazi-di-Papa-0225-768x513.jpg 768w, https:\/\/www.palazzidelpapa.it\/wp-content\/uploads\/2018\/05\/WEB-Pallazi-di-Papa-0225-1024x684.jpg 1024w, https:\/\/www.palazzidelpapa.it\/wp-content\/uploads\/2018\/05\/WEB-Pallazi-di-Papa-0225-600x401.jpg 600w\" sizes=\"auto, (max-width: 2000px) 100vw, 2000px\" \/>\t\t\t\t\t\t\t\t\t\t\t<\/a>\n\t\t\t\t\t\t\t\t\t<\/div>\n\t\t\t<\/div>\n\t\t\t<\/div>\n<\/div>[\/vc_column][\/vc_row]<\/p>\n<\/div>","protected":false},"excerpt":{"rendered":"<p>[vc_row][vc_column][\/vc_column][\/vc_row][vc_row row_content_width=\u00bbgrid\u00bb content_text_aligment=\u00bbcenter\u00bb css=\u00bb.vc_custom_1530654142109{padding-top: 34px !important;padding-bottom: 93px !important;}\u00bb][vc_column][\/vc_column][\/vc_row][vc_row row_content_width=\u00bbgrid\u00bb css=\u00bb.vc_custom_1526567403437{padding-top: 10px !important;padding-bottom: 20px !important;}\u00bb][vc_column][\/vc_column][\/vc_row]<\/p>\n","protected":false},"author":1,"featured_media":0,"parent":0,"menu_order":0,"comment_status":"closed","ping_status":"closed","template":"full-width.php","meta":{"footnotes":""},"class_list":["post-6537","page","type-page","status-publish","hentry"],"_links":{"self":[{"href":"https:\/\/www.palazzidelpapa.it\/es\/wp-json\/wp\/v2\/pages\/6537","targetHints":{"allow":["GET"]}}],"collection":[{"href":"https:\/\/www.palazzidelpapa.it\/es\/wp-json\/wp\/v2\/pages"}],"about":[{"href":"https:\/\/www.palazzidelpapa.it\/es\/wp-json\/wp\/v2\/types\/page"}],"author":[{"embeddable":true,"href":"https:\/\/www.palazzidelpapa.it\/es\/wp-json\/wp\/v2\/users\/1"}],"replies":[{"embeddable":true,"href":"https:\/\/www.palazzidelpapa.it\/es\/wp-json\/wp\/v2\/comments?post=6537"}],"version-history":[{"count":1,"href":"https:\/\/www.palazzidelpapa.it\/es\/wp-json\/wp\/v2\/pages\/6537\/revisions"}],"predecessor-version":[{"id":6640,"href":"https:\/\/www.palazzidelpapa.it\/es\/wp-json\/wp\/v2\/pages\/6537\/revisions\/6640"}],"wp:attachment":[{"href":"https:\/\/www.palazzidelpapa.it\/es\/wp-json\/wp\/v2\/media?parent=6537"}],"curies":[{"name":"wp","href":"https:\/\/api.w.org\/{rel}","templated":true}]}}