{"id":6552,"date":"2018-05-15T16:33:44","date_gmt":"2018-05-15T14:33:44","guid":{"rendered":"https:\/\/www.palazzidelpapa.it\/pienza-e-dintorni\/"},"modified":"2018-07-10T10:08:59","modified_gmt":"2018-07-10T08:08:59","slug":"pienza-e-dintorni","status":"publish","type":"page","link":"https:\/\/www.palazzidelpapa.it\/es\/pienza-e-dintorni\/","title":{"rendered":"Pienza y alrededores"},"content":{"rendered":"<div class=\"wpb-content-wrapper\"><p>[vc_row][vc_column][rev_slider_vc alias=\u00bbpienza-e-dintorni\u00bb enable_paspartu=\u00bbno\u00bb][\/vc_column][\/vc_row][vc_row row_content_width=\u00bbgrid\u00bb content_text_aligment=\u00bbcenter\u00bb css=\u00bb.vc_custom_1526387566326{padding-top: 84px !important;padding-bottom: 93px !important;}\u00bb][vc_column]<div class=\"eltd-elements-holder   eltd-one-column  eltd-responsive-mode-768 \" ><div class=\"eltd-eh-item   eltd-horizontal-alignment-center \"  data-item-class=\"eltd-eh-custom-3531\" data-1280-1600=\"0 21% 0 21%\" data-1024-1280=\"0 21% 0 21%\" data-768-1024=\"0 8% 0 8%\" data-680-768=\"0 0 0 0\" data-680=\"0 0 0 0\">\n\t<div class=\"eltd-eh-item-inner\">\n\t\t<div class=\"eltd-eh-item-content eltd-eh-custom-3531\" style=\"padding: 0 15% 0 15%\">\n\t\t\t<div class=\"eltd-section-title-holder eltd-separator-disabled  \" >\n    <div class=\"eltd-section-title-inner\">\n                    <h6 class=\"eltd-st-subtitle\" >\n                <span>Val d&#039;Orcia<\/span>\n            <\/h6>\n                            <h2 class=\"eltd-st-title \" >\n                <span class=\"eltd-st-before\">Pienza <\/span>\n                <span>y alrededores<\/span>\n            <\/h2>\n                            <\/div>\n<\/div>[vc_column_text]<strong>La Estancia &#8216;Palazzi del Papa&#8217;<\/strong>\u00a0se encuentra en Pienza, en el m\u00e1gico Val d\u2019Orcia y cerca del f\u00e9rtil Valdichiana, famosos territorios desde la \u00e9poca de los romanos por la producci\u00f3n de aceite, vino y trigo. Es \u00e8ara destacar el aspecto enogastron\u00f3mico de esta tierra que ha hecho conocer al mundo el aceite extra virgen de oliva y vinos como el\u00a0<b>Chianti<\/b>, el\u00a0<b>Nobile di Montepulciano<\/b>, el\u00a0<b>Brunello di Montalcino<\/b>\u00a0y manjares como la \u201cbistecca alla fiorentina\u201d y el queso pecorino.<br \/>\nEs el lugar ideal para realizar excursiones y peregrinajes que duren un d\u00eda, tiempo en el cual, es posible visitar los lugares m\u00e1s famosos de Italia central:\u00a0<strong>San Gimignano<\/strong>\u00a0,\u00a0<strong>Pisa<\/strong>\u00a0,\u00a0<strong>Orvieto<\/strong>\u00a0,\u00a0<strong>Todi<\/strong>\u00a0,\u00a0<strong>Assisi<\/strong>\u00a0, le\u00a0<strong>Abbazie di San Galgano<\/strong>\u00a0, di\u00a0<strong>Sant&#8217;Antimo<\/strong>\u00a0e di\u00a0<strong>Monte Oliveto Maggiore<\/strong><br \/>\nEstos son algunos ejemplos de todo aquellos lugares a los cu\u00e1les se puede acceder f\u00e1cilmente.[\/vc_column_text]\t\t<\/div>\n\t<\/div>\n<\/div><\/div>[vc_empty_space height=\u00bb15px\u00bb][\/vc_column][\/vc_row][vc_row][vc_column offset=\u00bbvc_col-lg-5 vc_col-md-12 vc_col-xs-12&#8243; css=\u00bb.vc_custom_1511524010531{padding-right: 0px !important;padding-left: 0px !important;}\u00bb]<div class=\"eltd-elements-holder   eltd-one-column  eltd-responsive-mode-768 \" ><div class=\"eltd-eh-item    \" style=\"background-image: url(https:\/\/www.palazzidelpapa.it\/wp-content\/uploads\/2018\/05\/DSC_0949.jpg)\" data-item-class=\"eltd-eh-custom-1660\" data-1024-1280=\"62% 0\" data-768-1024=\"26.5% 0 26.5% 0 \" data-680-768=\"40% 0 40% 0\" data-680=\"60% 0 60% 0\">\n\t<div class=\"eltd-eh-item-inner\">\n\t\t<div class=\"eltd-eh-item-content eltd-eh-custom-1660\" style=\"padding: 55.8% 0 55.8% 0\">\n\t\t\t\t\t<\/div>\n\t<\/div>\n<\/div><\/div>[\/vc_column][vc_column offset=\u00bbvc_col-lg-7 vc_col-md-12 vc_col-xs-12&#8243; css=\u00bb.vc_custom_1511524017942{padding-right: 0px !important;padding-left: 0px !important;}\u00bb]<div class=\"eltd-elements-holder   eltd-one-column  eltd-responsive-mode-768 \" ><div class=\"eltd-eh-item   eltd-horizontal-alignment-center \"  data-item-class=\"eltd-eh-custom-1013\" data-1280-1600=\"7% 4% 0%\" data-1024-1280=\"8.2% 5% 0%\" data-768-1024=\"6.5% 4% 12.3% 4%\" data-680-768=\"9% 20% 11% 28%\" data-680=\"11% 5% 13% 7%\">\n\t<div class=\"eltd-eh-item-inner\">\n\t\t<div class=\"eltd-eh-item-content eltd-eh-custom-1013\" style=\"padding: 9% 10% 0%\">\n\t\t\t<div class=\"eltd-section-title-holder eltd-separator-disabled  eltd-st-text-position-center\" style=\"text-align: center\">\n    <div class=\"eltd-section-title-inner\">\n                            <h2 class=\"eltd-st-title eltd-title-center\" >\n                <span class=\"eltd-st-before\">Arte<\/span>\n                <span>y Deporte<\/span>\n            <\/h2>\n                            <\/div>\n<\/div>[vc_empty_space height=\u00bb5px\u00bb][vc_column_text]Del punto de vista art\u00edstico, este sector de Val d\u2019Orcia est\u00e1 caracterizado por las verificadas sucesiones hist\u00f3ricas.<br \/>\nNotables son las testimonianzas presentes en esta zona, localidades como\u00a0<b>Pienza<\/b>\u00a0,\u00a0<b>Radicofani<\/b>\u00a0,\u00a0<b>Monticchiello<\/b>\u00a0,\u00a0<b>San Casciano dei Bagni<\/b>\u00a0,\u00a0<b>Bagno Vignoni<\/b>\u00a0,\u00a0<b>Bagni San Filippo<\/b>\u00a0e\u00a0<b>Trequanda<\/b>\u00a0encuandran un amplio panorama de pol\u00edtica territorial que se ha concretizado en la indivudulidad hist\u00f3rico-ling\u00fc\u00edstica que esta zona ha conseguido mantener hasta el d\u00eda de hoy[\/vc_column_text][vc_empty_space height=\u00bb72px\u00bb]\t\t<\/div>\n\t<\/div>\n<\/div><\/div>[\/vc_column][\/vc_row][vc_row][vc_column][vc_column_text css=\u00bb.vc_custom_1530710382201{padding-top: 73px !important;padding-bottom: 33px !important;}\u00bb]<\/p>\n<h2 class=\"eltd-st-title \" style=\"text-align: center;\">Gallery<\/h2>\n<p>[\/vc_column_text]<div class=\"eltd-image-gallery  eltd-ig-masonry-type eltd-tiny-space  eltd-image-behavior-lightbox   \">\n\t<div class=\"eltd-ig-inner eltd-outer-space eltd-ig-masonry eltd-ig-three-columns\">\n\t\t<div class=\"eltd-ig-grid-sizer\"><\/div>\n\t\t<div class=\"eltd-ig-grid-gutter\"><\/div>\n\t\t\t\t\t\t\t\t<div class=\"eltd-ig-image eltd-item-space \">\n\t\t\t\t<div class=\"eltd-ig-image-inner\">\n\t\t\t\t\t\t\t\t\t\t\t<a itemprop=\"image\" class=\"eltd-ig-lightbox\" href=\"https:\/\/www.palazzidelpapa.it\/wp-content\/uploads\/2018\/05\/DSC_1363.jpg\" data-rel=\"prettyPhoto[image_gallery_pretty_photo-417]\" title=\"DSC_1363\">\n\t\t\t\t\t\t\t\t\t\t\t<img loading=\"lazy\" decoding=\"async\" width=\"1920\" height=\"1275\" src=\"https:\/\/www.palazzidelpapa.it\/wp-content\/uploads\/2018\/05\/DSC_1363.jpg\" class=\"attachment- size-\" alt=\"\" srcset=\"https:\/\/www.palazzidelpapa.it\/wp-content\/uploads\/2018\/05\/DSC_1363.jpg 1920w, https:\/\/www.palazzidelpapa.it\/wp-content\/uploads\/2018\/05\/DSC_1363-300x199.jpg 300w, https:\/\/www.palazzidelpapa.it\/wp-content\/uploads\/2018\/05\/DSC_1363-768x510.jpg 768w, https:\/\/www.palazzidelpapa.it\/wp-content\/uploads\/2018\/05\/DSC_1363-1024x680.jpg 1024w, https:\/\/www.palazzidelpapa.it\/wp-content\/uploads\/2018\/05\/DSC_1363-600x398.jpg 600w\" sizes=\"auto, (max-width: 1920px) 100vw, 1920px\" \/>\t\t\t\t\t\t\t\t\t\t\t<\/a>\n\t\t\t\t\t\t\t\t\t<\/div>\n\t\t\t<\/div>\n\t\t\t\t\t\t\t\t<div class=\"eltd-ig-image eltd-item-space \">\n\t\t\t\t<div class=\"eltd-ig-image-inner\">\n\t\t\t\t\t\t\t\t\t\t\t<a itemprop=\"image\" class=\"eltd-ig-lightbox\" href=\"https:\/\/www.palazzidelpapa.it\/wp-content\/uploads\/2018\/05\/DSC_1321.jpg\" data-rel=\"prettyPhoto[image_gallery_pretty_photo-417]\" title=\"DSC_1321\">\n\t\t\t\t\t\t\t\t\t\t\t<img loading=\"lazy\" decoding=\"async\" width=\"1920\" height=\"1275\" src=\"https:\/\/www.palazzidelpapa.it\/wp-content\/uploads\/2018\/05\/DSC_1321.jpg\" class=\"attachment- size-\" alt=\"\" srcset=\"https:\/\/www.palazzidelpapa.it\/wp-content\/uploads\/2018\/05\/DSC_1321.jpg 1920w, https:\/\/www.palazzidelpapa.it\/wp-content\/uploads\/2018\/05\/DSC_1321-300x199.jpg 300w, https:\/\/www.palazzidelpapa.it\/wp-content\/uploads\/2018\/05\/DSC_1321-768x510.jpg 768w, https:\/\/www.palazzidelpapa.it\/wp-content\/uploads\/2018\/05\/DSC_1321-1024x680.jpg 1024w, https:\/\/www.palazzidelpapa.it\/wp-content\/uploads\/2018\/05\/DSC_1321-600x398.jpg 600w\" sizes=\"auto, (max-width: 1920px) 100vw, 1920px\" \/>\t\t\t\t\t\t\t\t\t\t\t<\/a>\n\t\t\t\t\t\t\t\t\t<\/div>\n\t\t\t<\/div>\n\t\t\t\t\t\t\t\t<div class=\"eltd-ig-image eltd-item-space \">\n\t\t\t\t<div class=\"eltd-ig-image-inner\">\n\t\t\t\t\t\t\t\t\t\t\t<a itemprop=\"image\" class=\"eltd-ig-lightbox\" href=\"https:\/\/www.palazzidelpapa.it\/wp-content\/uploads\/2018\/05\/DSC_1230.jpg\" data-rel=\"prettyPhoto[image_gallery_pretty_photo-417]\" title=\"DSC_1230\">\n\t\t\t\t\t\t\t\t\t\t\t<img loading=\"lazy\" decoding=\"async\" width=\"1920\" height=\"1275\" src=\"https:\/\/www.palazzidelpapa.it\/wp-content\/uploads\/2018\/05\/DSC_1230.jpg\" class=\"attachment- size-\" alt=\"\" srcset=\"https:\/\/www.palazzidelpapa.it\/wp-content\/uploads\/2018\/05\/DSC_1230.jpg 1920w, https:\/\/www.palazzidelpapa.it\/wp-content\/uploads\/2018\/05\/DSC_1230-300x199.jpg 300w, https:\/\/www.palazzidelpapa.it\/wp-content\/uploads\/2018\/05\/DSC_1230-768x510.jpg 768w, https:\/\/www.palazzidelpapa.it\/wp-content\/uploads\/2018\/05\/DSC_1230-1024x680.jpg 1024w, https:\/\/www.palazzidelpapa.it\/wp-content\/uploads\/2018\/05\/DSC_1230-600x398.jpg 600w\" sizes=\"auto, (max-width: 1920px) 100vw, 1920px\" \/>\t\t\t\t\t\t\t\t\t\t\t<\/a>\n\t\t\t\t\t\t\t\t\t<\/div>\n\t\t\t<\/div>\n\t\t\t\t\t\t\t\t<div class=\"eltd-ig-image eltd-item-space \">\n\t\t\t\t<div class=\"eltd-ig-image-inner\">\n\t\t\t\t\t\t\t\t\t\t\t<a itemprop=\"image\" class=\"eltd-ig-lightbox\" href=\"https:\/\/www.palazzidelpapa.it\/wp-content\/uploads\/2018\/05\/DSC_1148.jpg\" data-rel=\"prettyPhoto[image_gallery_pretty_photo-417]\" title=\"DSC_1148\">\n\t\t\t\t\t\t\t\t\t\t\t<img loading=\"lazy\" decoding=\"async\" width=\"1920\" height=\"1275\" src=\"https:\/\/www.palazzidelpapa.it\/wp-content\/uploads\/2018\/05\/DSC_1148.jpg\" class=\"attachment- size-\" alt=\"\" srcset=\"https:\/\/www.palazzidelpapa.it\/wp-content\/uploads\/2018\/05\/DSC_1148.jpg 1920w, https:\/\/www.palazzidelpapa.it\/wp-content\/uploads\/2018\/05\/DSC_1148-300x199.jpg 300w, https:\/\/www.palazzidelpapa.it\/wp-content\/uploads\/2018\/05\/DSC_1148-768x510.jpg 768w, https:\/\/www.palazzidelpapa.it\/wp-content\/uploads\/2018\/05\/DSC_1148-1024x680.jpg 1024w, https:\/\/www.palazzidelpapa.it\/wp-content\/uploads\/2018\/05\/DSC_1148-600x398.jpg 600w\" sizes=\"auto, (max-width: 1920px) 100vw, 1920px\" \/>\t\t\t\t\t\t\t\t\t\t\t<\/a>\n\t\t\t\t\t\t\t\t\t<\/div>\n\t\t\t<\/div>\n\t\t\t\t\t\t\t\t<div class=\"eltd-ig-image eltd-item-space \">\n\t\t\t\t<div class=\"eltd-ig-image-inner\">\n\t\t\t\t\t\t\t\t\t\t\t<a itemprop=\"image\" class=\"eltd-ig-lightbox\" href=\"https:\/\/www.palazzidelpapa.it\/wp-content\/uploads\/2018\/05\/DSC_1141.jpg\" data-rel=\"prettyPhoto[image_gallery_pretty_photo-417]\" title=\"DSC_1141\">\n\t\t\t\t\t\t\t\t\t\t\t<img loading=\"lazy\" decoding=\"async\" width=\"1920\" height=\"1275\" src=\"https:\/\/www.palazzidelpapa.it\/wp-content\/uploads\/2018\/05\/DSC_1141.jpg\" class=\"attachment- size-\" alt=\"\" srcset=\"https:\/\/www.palazzidelpapa.it\/wp-content\/uploads\/2018\/05\/DSC_1141.jpg 1920w, https:\/\/www.palazzidelpapa.it\/wp-content\/uploads\/2018\/05\/DSC_1141-300x199.jpg 300w, https:\/\/www.palazzidelpapa.it\/wp-content\/uploads\/2018\/05\/DSC_1141-768x510.jpg 768w, https:\/\/www.palazzidelpapa.it\/wp-content\/uploads\/2018\/05\/DSC_1141-1024x680.jpg 1024w, https:\/\/www.palazzidelpapa.it\/wp-content\/uploads\/2018\/05\/DSC_1141-600x398.jpg 600w\" sizes=\"auto, (max-width: 1920px) 100vw, 1920px\" \/>\t\t\t\t\t\t\t\t\t\t\t<\/a>\n\t\t\t\t\t\t\t\t\t<\/div>\n\t\t\t<\/div>\n\t\t\t\t\t\t\t\t<div class=\"eltd-ig-image eltd-item-space \">\n\t\t\t\t<div class=\"eltd-ig-image-inner\">\n\t\t\t\t\t\t\t\t\t\t\t<a itemprop=\"image\" class=\"eltd-ig-lightbox\" href=\"https:\/\/www.palazzidelpapa.it\/wp-content\/uploads\/2018\/05\/DSC_1027.jpg\" data-rel=\"prettyPhoto[image_gallery_pretty_photo-417]\" title=\"DSC_1027\">\n\t\t\t\t\t\t\t\t\t\t\t<img loading=\"lazy\" decoding=\"async\" width=\"1920\" height=\"1275\" src=\"https:\/\/www.palazzidelpapa.it\/wp-content\/uploads\/2018\/05\/DSC_1027.jpg\" class=\"attachment- size-\" alt=\"\" srcset=\"https:\/\/www.palazzidelpapa.it\/wp-content\/uploads\/2018\/05\/DSC_1027.jpg 1920w, https:\/\/www.palazzidelpapa.it\/wp-content\/uploads\/2018\/05\/DSC_1027-300x199.jpg 300w, https:\/\/www.palazzidelpapa.it\/wp-content\/uploads\/2018\/05\/DSC_1027-768x510.jpg 768w, https:\/\/www.palazzidelpapa.it\/wp-content\/uploads\/2018\/05\/DSC_1027-1024x680.jpg 1024w, https:\/\/www.palazzidelpapa.it\/wp-content\/uploads\/2018\/05\/DSC_1027-600x398.jpg 600w\" sizes=\"auto, (max-width: 1920px) 100vw, 1920px\" \/>\t\t\t\t\t\t\t\t\t\t\t<\/a>\n\t\t\t\t\t\t\t\t\t<\/div>\n\t\t\t<\/div>\n\t\t\t<\/div>\n<\/div>[\/vc_column][\/vc_row]<\/p>\n<\/div>","protected":false},"excerpt":{"rendered":"<p>[vc_row][vc_column][rev_slider_vc alias=\u00bbpienza-e-dintorni\u00bb enable_paspartu=\u00bbno\u00bb][\/vc_column][\/vc_row][vc_row row_content_width=\u00bbgrid\u00bb content_text_aligment=\u00bbcenter\u00bb css=\u00bb.vc_custom_1526387566326{padding-top: 84px !important;padding-bottom: 93px !important;}\u00bb][vc_column][vc_empty_space height=\u00bb15px\u00bb][\/vc_column][\/vc_row][vc_row][vc_column offset=\u00bbvc_col-lg-5 vc_col-md-12 vc_col-xs-12&#8243; css=\u00bb.vc_custom_1511524010531{padding-right: 0px !important;padding-left: 0px !important;}\u00bb][\/vc_column][vc_column offset=\u00bbvc_col-lg-7 vc_col-md-12 vc_col-xs-12&#8243; css=\u00bb.vc_custom_1511524017942{padding-right: 0px !important;padding-left: 0px !important;}\u00bb][\/vc_column][\/vc_row][vc_row][vc_column][vc_column_text css=\u00bb.vc_custom_1530710382201{padding-top: 73px !important;padding-bottom: 33px !important;}\u00bb] Gallery [\/vc_column_text][\/vc_column][\/vc_row]<\/p>\n","protected":false},"author":1,"featured_media":0,"parent":0,"menu_order":0,"comment_status":"closed","ping_status":"closed","template":"full-width.php","meta":{"footnotes":""},"class_list":["post-6552","page","type-page","status-publish","hentry"],"_links":{"self":[{"href":"https:\/\/www.palazzidelpapa.it\/es\/wp-json\/wp\/v2\/pages\/6552","targetHints":{"allow":["GET"]}}],"collection":[{"href":"https:\/\/www.palazzidelpapa.it\/es\/wp-json\/wp\/v2\/pages"}],"about":[{"href":"https:\/\/www.palazzidelpapa.it\/es\/wp-json\/wp\/v2\/types\/page"}],"author":[{"embeddable":true,"href":"https:\/\/www.palazzidelpapa.it\/es\/wp-json\/wp\/v2\/users\/1"}],"replies":[{"embeddable":true,"href":"https:\/\/www.palazzidelpapa.it\/es\/wp-json\/wp\/v2\/comments?post=6552"}],"version-history":[{"count":2,"href":"https:\/\/www.palazzidelpapa.it\/es\/wp-json\/wp\/v2\/pages\/6552\/revisions"}],"predecessor-version":[{"id":6644,"href":"https:\/\/www.palazzidelpapa.it\/es\/wp-json\/wp\/v2\/pages\/6552\/revisions\/6644"}],"wp:attachment":[{"href":"https:\/\/www.palazzidelpapa.it\/es\/wp-json\/wp\/v2\/media?parent=6552"}],"curies":[{"name":"wp","href":"https:\/\/api.w.org\/{rel}","templated":true}]}}