{"id":6556,"date":"2018-06-20T16:26:25","date_gmt":"2018-06-20T14:26:25","guid":{"rendered":"https:\/\/www.palazzidelpapa.it\/attivita\/"},"modified":"2018-07-10T11:00:54","modified_gmt":"2018-07-10T09:00:54","slug":"attivita","status":"publish","type":"page","link":"https:\/\/www.palazzidelpapa.it\/es\/attivita\/","title":{"rendered":"Actividades"},"content":{"rendered":"<div class=\"wpb-content-wrapper\"><p>[vc_row][vc_column][rev_slider_vc alias=\u00bbattivita\u00bb enable_paspartu=\u00bbno\u00bb][\/vc_column][\/vc_row][vc_row row_content_width=\u00bbgrid\u00bb content_text_aligment=\u00bbcenter\u00bb css=\u00bb.vc_custom_1530655107874{padding-top: 74px !important;padding-bottom: 93px !important;}\u00bb][vc_column]<div class=\"eltd-section-title-holder eltd-separator-disabled  \" >\n    <div class=\"eltd-section-title-inner\">\n                            <h2 class=\"eltd-st-title \" >\n                <span class=\"eltd-st-before\"><\/span>\n                <span>Qu\u00e9 hacer en Pienza y Val d&#039;Orcia<\/span>\n            <\/h2>\n                            <\/div>\n<\/div>[vc_column_text]Agriturismo Palazzi Del Papa est\u00e1 en el campo de Pienza, a unos 15 km de la ciudad de Pio II, la magia Val d&#8217;Orcia, y al mismo tiempo no muy lejos de la f\u00e9rtil Val di Chiana, territorios famosos desde la \u00e9poca romana para la producci\u00f3n de aceite, vino y trigo<br \/>\nLa estructura ofrece muchas oportunidades para aquellos que buscan una estancia que combina el cuidado del cuerpo con excursiones a ciudades de arte, iglesias, museos y paisajes sin cambios en el tiempo. Sin embargo, dejar de lado el aspecto gastron\u00f3mico de una tierra que ha hecho que el mundo sea consciente de que el aceite de oliva virgen extra, vinos como el Chianti, Nobile di Montepulciano, Brunello di Montalcino o alimentos como el bistec y queso pecorino.<br \/>\nY &#8216;el lugar ideal para realizar excursiones y peregrinaciones que tendr\u00e1 lugar en el espacio de un d\u00eda, momento en el cual se pueden visitar los lugares m\u00e1s famosos del centro de Italia: San Gimignano, Pisa, Orvieto, Todi, Assisi, las abad\u00edas de San Galgano, Sant &#8216;Antimo y Monte Oliveto Maggiore son solo algunos ejemplos de todo lo que es de f\u00e1cil acceso.[\/vc_column_text][vc_empty_space height=\u00bb15px\u00bb][\/vc_column][\/vc_row][vc_row row_content_width=\u00bbgrid\u00bb css=\u00bb.vc_custom_1529505962927{margin-bottom: 22px !important;}\u00bb][vc_column width=\u00bb1\/3&#8243;][vc_single_image image=\u00bb5932&#8243; img_size=\u00bb640&#215;400&#8243; onclick=\u00bbcustom_link\u00bb link=\u00bbhttps:\/\/www.palazzidelpapa.it\/es\/degustazione-vino\/\u00bb][vc_column_text]<strong>Cata de vinos<\/strong><\/p>\n<p>Visitas guiadas y degustaci\u00f3n de Vino Nobile di Montepulciano &#8211; Cantina Contucci<\/p>\n<p><a href=\"https:\/\/www.palazzidelpapa.it\/es\/degustazione-vino\/?lang=es\">Lee mas &gt;&gt;<\/a>[\/vc_column_text][\/vc_column][vc_column width=\u00bb1\/3&#8243;][vc_single_image image=\u00bb5940&#8243; img_size=\u00bb640&#215;400&#8243; onclick=\u00bbcustom_link\u00bb link=\u00bbhttps:\/\/www.palazzidelpapa.it\/es\/degustazione-formaggio\/\u00bb][vc_column_text]<strong>Degustaci\u00f3n de queso<\/strong><\/p>\n<p>Visita a la granja y el sabor de Pecorino di Pienza &#8211; Fattoria Pianporcino.<\/p>\n<p><a href=\"https:\/\/www.palazzidelpapa.it\/es\/degustazione-formaggio\/?lang=es\">Lee mas &gt;&gt;<\/a>[\/vc_column_text][\/vc_column][vc_column width=\u00bb1\/3&#8243;][vc_single_image image=\u00bb5944&#8243; img_size=\u00bb546&#215;379&#8243; onclick=\u00bbcustom_link\u00bb link=\u00bbhttps:\/\/www.palazzidelpapa.it\/es\/escursione-a-cavallo\/\u00bb][vc_column_text]<strong>Montar a caballo<\/strong><\/p>\n<p>Un paseo a caballo en Val d&#8217;Orcia &#8211; Three Lakes Equestrian Center.<\/p>\n<p><a href=\"https:\/\/www.palazzidelpapa.it\/es\/escursione-a-cavallo\/?lang=es\">Lee mas &gt;&gt;<\/a>[\/vc_column_text][\/vc_column][\/vc_row][vc_row row_content_width=\u00bbgrid\u00bb css=\u00bb.vc_custom_1529505968501{margin-bottom: 22px !important;}\u00bb][vc_column width=\u00bb1\/3&#8243;][vc_single_image image=\u00bb5948&#8243; img_size=\u00bb640&#215;400&#8243; onclick=\u00bbcustom_link\u00bb link=\u00bbhttps:\/\/www.palazzidelpapa.it\/es\/tour-in-bici-e-noleggio-e-bike\/\u00bb][vc_column_text]<strong>Paseos en bicicleta y alquiler de bicicletas electr\u00f3nicas<\/strong><\/p>\n<p>Descubre la Toscana en bicicleta &#8211; Cicloposse &amp; Byebike.<\/p>\n<p><a href=\"https:\/\/www.palazzidelpapa.it\/es\/tour-in-bici-e-noleggio-e-bike\/\">Lee mas &gt;&gt;<\/a>[\/vc_column_text][\/vc_column][vc_column width=\u00bb1\/3&#8243;][vc_single_image image=\u00bb5952&#8243; img_size=\u00bb640&#215;400&#8243; onclick=\u00bbcustom_link\u00bb link=\u00bbhttps:\/\/www.palazzidelpapa.it\/es\/autonoleggio-e-tour-con-conducente\/\u00bb][vc_column_text]<strong>Alquiler de autos y tour con conductor<\/strong><\/p>\n<p>Alquiler y recorrido en coche &#8211; Alquiler de coches en Limotuscany y Il Girasole<\/p>\n<p><a href=\"https:\/\/www.palazzidelpapa.it\/es\/autonoleggio-e-tour-con-conducente\/?lang=es\">Lee mas &gt;&gt;<\/a>[\/vc_column_text][\/vc_column][vc_column width=\u00bb1\/3&#8243;][vc_single_image image=\u00bb5956&#8243; img_size=\u00bb640&#215;400&#8243; onclick=\u00bbcustom_link\u00bb link=\u00bbhttps:\/\/www.palazzidelpapa.it\/es\/vespa-tour\/\u00bb][vc_column_text]<strong>Vespa Tour<\/strong><\/p>\n<p>Alquiler y organizaci\u00f3n de tours en veh\u00edculos antiguos &#8211; Vintage Tours.<\/p>\n<p><a href=\"https:\/\/www.palazzidelpapa.it\/es\/vespa-tour\/\">Lee mas &gt;&gt;<\/a>[\/vc_column_text][\/vc_column][\/vc_row][vc_row row_content_width=\u00bbgrid\u00bb css=\u00bb.vc_custom_1529505974940{margin-bottom: 22px !important;}\u00bb][vc_column width=\u00bb1\/3&#8243;][vc_single_image image=\u00bb5960&#8243; img_size=\u00bb640&#215;400&#8243; onclick=\u00bbcustom_link\u00bb link=\u00bbhttps:\/\/www.palazzidelpapa.it\/es\/impara-litaliano\/\u00bb][vc_column_text]<strong>Aprende italiano<\/strong><\/p>\n<p>\u00bfEst\u00e1s listo para comenzar tu curso de italiano en Toscana? &#8211; Escuela Il Sasso.<\/p>\n<p><a href=\"https:\/\/www.palazzidelpapa.it\/es\/impara-litaliano\/?lang=es\">Lee mas &gt;&gt;<\/a>[\/vc_column_text][\/vc_column][vc_column width=\u00bb1\/3&#8243;][vc_single_image image=\u00bb5964&#8243; img_size=\u00bb640&#215;400&#8243; onclick=\u00bbcustom_link\u00bb link=\u00bbhttps:\/\/www.palazzidelpapa.it\/es\/tour-fotografico-in-toscana\/\u00bb][vc_column_text]<strong>Visita fotogr\u00e1fica en la Toscana<\/strong><\/p>\n<p>Un regalo para los amantes de la fotograf\u00eda: I Love Tuscany.<\/p>\n<p><a href=\"https:\/\/www.palazzidelpapa.it\/es\/tour-fotografico-in-toscana\/\">Lee mas &gt;&gt;<\/a>[\/vc_column_text][\/vc_column][vc_column width=\u00bb1\/3&#8243;][vc_single_image image=\u00bb5968&#8243; img_size=\u00bb640&#215;400&#8243; onclick=\u00bbcustom_link\u00bb link=\u00bbhttps:\/\/www.palazzidelpapa.it\/es\/giro-in-mongolfiera\/\u00bb][vc_column_text]<strong>Hot air balloon ride<\/strong><\/p>\n<p>Come and see the landscape of Tuscany from above &#8211; Ballooning In Tuscany<\/p>\n<p><a href=\"https:\/\/www.palazzidelpapa.it\/es\/giro-in-mongolfiera\/\">Lee mas &gt;&gt;<\/a>[\/vc_column_text][\/vc_column][\/vc_row]<\/p>\n<\/div>","protected":false},"excerpt":{"rendered":"<p>[vc_row][vc_column][rev_slider_vc alias=\u00bbattivita\u00bb enable_paspartu=\u00bbno\u00bb][\/vc_column][\/vc_row][vc_row row_content_width=\u00bbgrid\u00bb content_text_aligment=\u00bbcenter\u00bb css=\u00bb.vc_custom_1530655107874{padding-top: 74px !important;padding-bottom: 93px !important;}\u00bb][vc_column][vc_column_text]Agriturismo Palazzi Del Papa est\u00e1 en el campo de Pienza, a unos 15 km de la ciudad de Pio II, la magia Val d&#8217;Orcia, y al mismo tiempo no muy lejos [&hellip;]<\/p>\n","protected":false},"author":1,"featured_media":0,"parent":0,"menu_order":0,"comment_status":"closed","ping_status":"closed","template":"full-width.php","meta":{"footnotes":""},"class_list":["post-6556","page","type-page","status-publish","hentry"],"_links":{"self":[{"href":"https:\/\/www.palazzidelpapa.it\/es\/wp-json\/wp\/v2\/pages\/6556","targetHints":{"allow":["GET"]}}],"collection":[{"href":"https:\/\/www.palazzidelpapa.it\/es\/wp-json\/wp\/v2\/pages"}],"about":[{"href":"https:\/\/www.palazzidelpapa.it\/es\/wp-json\/wp\/v2\/types\/page"}],"author":[{"embeddable":true,"href":"https:\/\/www.palazzidelpapa.it\/es\/wp-json\/wp\/v2\/users\/1"}],"replies":[{"embeddable":true,"href":"https:\/\/www.palazzidelpapa.it\/es\/wp-json\/wp\/v2\/comments?post=6556"}],"version-history":[{"count":11,"href":"https:\/\/www.palazzidelpapa.it\/es\/wp-json\/wp\/v2\/pages\/6556\/revisions"}],"predecessor-version":[{"id":6670,"href":"https:\/\/www.palazzidelpapa.it\/es\/wp-json\/wp\/v2\/pages\/6556\/revisions\/6670"}],"wp:attachment":[{"href":"https:\/\/www.palazzidelpapa.it\/es\/wp-json\/wp\/v2\/media?parent=6556"}],"curies":[{"name":"wp","href":"https:\/\/api.w.org\/{rel}","templated":true}]}}