{"id":6566,"date":"2018-07-04T15:35:36","date_gmt":"2018-07-04T13:35:36","guid":{"rendered":"https:\/\/www.palazzidelpapa.it\/degustazione-formaggio\/"},"modified":"2018-07-10T15:45:01","modified_gmt":"2018-07-10T13:45:01","slug":"degustazione-formaggio","status":"publish","type":"page","link":"https:\/\/www.palazzidelpapa.it\/es\/degustazione-formaggio\/","title":{"rendered":"Degustaci\u00f3n de queso"},"content":{"rendered":"<div class=\"wpb-content-wrapper\"><p>[vc_row row_content_width=\u00bbgrid\u00bb content_text_aligment=\u00bbcenter\u00bb css=\u00bb.vc_custom_1530655107874{padding-top: 74px !important;padding-bottom: 93px !important;}\u00bb][vc_column]<div class=\"eltd-section-title-holder eltd-separator-disabled  \" >\n    <div class=\"eltd-section-title-inner\">\n                            <h2 class=\"eltd-st-title \" >\n                <span class=\"eltd-st-before\"><\/span>\n                <span>Degustaci\u00f3n de queso<\/span>\n            <\/h2>\n                            <\/div>\n<\/div>[\/vc_column][\/vc_row][vc_row row_content_width=\u00bbgrid\u00bb css=\u00bb.vc_custom_1529505962927{margin-bottom: 22px !important;}\u00bb][vc_column width=\u00bb1\/2&#8243;][vc_single_image image=\u00bb5940&#8243; img_size=\u00bb640&#215;400&#8243;][\/vc_column][vc_column width=\u00bb1\/2&#8243;][vc_column_text]<\/p>\n<h4>Visita a la granja y el sabor de Pecorino di Pienza &#8211; Fattoria Pianporcino.<\/h4>\n<p><a href=\"http:\/\/www.fattoriapianporcino.it\/\" target=\"_blank\" rel=\"noopener\">Fattoria Pianporcino<\/a><\/p>\n<p>es la \u00fanica COMPA\u00d1\u00cdA AGR\u00cdCOLA con cr\u00eda, procesamiento y venta directa del famoso y \u00fanico \u00abpecorino di Pienza\u00bb tambi\u00e9n llamado Cacio di Pienza. El producto se define como cadena corta o cero km (0)<\/p>\n<p>En Fattoria Pianporcino, se producen m\u00e1s de treinta tipos diferentes de quesos de alta calidad, como resultado de condimentos particulares como heno, orujo, hojas de nogal, pomadas herb\u00e1ceas dulces y picantes, adem\u00e1s del vino D.o.c. Gran calidad orcia<\/p>\n<p>En reserva, es posible hacer una visita guiada con explicaciones sobre los diversos pasos del procesamiento; Adem\u00e1s, a disposici\u00f3n de los visitantes, hay una gran sala para degustar nuestros quesos.[\/vc_column_text][vc_column_text]<a href=\"https:\/\/www.palazzidelpapa.it\/es\/attivita\/\">&lt;&lt; espalda<\/a>[\/vc_column_text][\/vc_column][\/vc_row]<\/p>\n<\/div>","protected":false},"excerpt":{"rendered":"<p>[vc_row row_content_width=\u00bbgrid\u00bb content_text_aligment=\u00bbcenter\u00bb css=\u00bb.vc_custom_1530655107874{padding-top: 74px !important;padding-bottom: 93px !important;}\u00bb][vc_column][\/vc_column][\/vc_row][vc_row row_content_width=\u00bbgrid\u00bb css=\u00bb.vc_custom_1529505962927{margin-bottom: 22px !important;}\u00bb][vc_column width=\u00bb1\/2&#8243;][vc_single_image image=\u00bb5940&#8243; img_size=\u00bb640&#215;400&#8243;][\/vc_column][vc_column width=\u00bb1\/2&#8243;][vc_column_text] Visita a la granja y el sabor de Pecorino di Pienza &#8211; Fattoria Pianporcino. Fattoria Pianporcino es la \u00fanica COMPA\u00d1\u00cdA AGR\u00cdCOLA con cr\u00eda, procesamiento [&hellip;]<\/p>\n","protected":false},"author":1,"featured_media":0,"parent":0,"menu_order":0,"comment_status":"closed","ping_status":"closed","template":"full-width.php","meta":{"footnotes":""},"class_list":["post-6566","page","type-page","status-publish","hentry"],"_links":{"self":[{"href":"https:\/\/www.palazzidelpapa.it\/es\/wp-json\/wp\/v2\/pages\/6566","targetHints":{"allow":["GET"]}}],"collection":[{"href":"https:\/\/www.palazzidelpapa.it\/es\/wp-json\/wp\/v2\/pages"}],"about":[{"href":"https:\/\/www.palazzidelpapa.it\/es\/wp-json\/wp\/v2\/types\/page"}],"author":[{"embeddable":true,"href":"https:\/\/www.palazzidelpapa.it\/es\/wp-json\/wp\/v2\/users\/1"}],"replies":[{"embeddable":true,"href":"https:\/\/www.palazzidelpapa.it\/es\/wp-json\/wp\/v2\/comments?post=6566"}],"version-history":[{"count":3,"href":"https:\/\/www.palazzidelpapa.it\/es\/wp-json\/wp\/v2\/pages\/6566\/revisions"}],"predecessor-version":[{"id":6727,"href":"https:\/\/www.palazzidelpapa.it\/es\/wp-json\/wp\/v2\/pages\/6566\/revisions\/6727"}],"wp:attachment":[{"href":"https:\/\/www.palazzidelpapa.it\/es\/wp-json\/wp\/v2\/media?parent=6566"}],"curies":[{"name":"wp","href":"https:\/\/api.w.org\/{rel}","templated":true}]}}