{"id":6577,"date":"2018-07-04T16:01:43","date_gmt":"2018-07-04T14:01:43","guid":{"rendered":"https:\/\/www.palazzidelpapa.it\/autonoleggio-e-tour-con-conducente\/"},"modified":"2018-07-10T15:46:04","modified_gmt":"2018-07-10T13:46:04","slug":"autonoleggio-e-tour-con-conducente","status":"publish","type":"page","link":"https:\/\/www.palazzidelpapa.it\/es\/autonoleggio-e-tour-con-conducente\/","title":{"rendered":"Alquiler de autos y tour con conductor"},"content":{"rendered":"<div class=\"wpb-content-wrapper\"><p>[vc_row row_content_width=\u00bbgrid\u00bb content_text_aligment=\u00bbcenter\u00bb css=\u00bb.vc_custom_1530655107874{padding-top: 74px !important;padding-bottom: 93px !important;}\u00bb][vc_column]<div class=\"eltd-section-title-holder eltd-separator-disabled  \" >\n    <div class=\"eltd-section-title-inner\">\n                            <h2 class=\"eltd-st-title \" >\n                <span class=\"eltd-st-before\"><\/span>\n                <span>Alquiler de autos y tour con conductor<\/span>\n            <\/h2>\n                            <\/div>\n<\/div>[\/vc_column][\/vc_row][vc_row row_content_width=\u00bbgrid\u00bb css=\u00bb.vc_custom_1529505962927{margin-bottom: 22px !important;}\u00bb][vc_column width=\u00bb1\/2&#8243;][vc_single_image image=\u00bb5952&#8243; img_size=\u00bb640&#215;400&#8243;][\/vc_column][vc_column width=\u00bb1\/2&#8243;][vc_column_text]<\/p>\n<h4>El socio ideal para sus necesidades de alquiler de coches y viajes en Toscana y Umbr\u00eda &#8211; Il Girasole y Limotuscany alquiler de coches<\/h4>\n<p><a href=\"http:\/\/www.autonoleggioilgirasole.it\/\" target=\"_blank\" rel=\"noopener\">Autonoleggio Il Girasole<\/a>\u00a0e\u00a0<a href=\"http:\/\/www.limotuscany.com\/\" target=\"_blank\" rel=\"noopener\">Limotuscany<\/a>\u00a0sugiere una lista de itinerarios dividido por territorios y \u00e1reas geogr\u00e1ficas, para hacerle saber las principales ciudades de arte y los pueblos medievales de la Toscana y Umbr\u00eda, donde el tiempo parece haberse detenido, y otros lugares atractivos en el territorio italiano. Podr\u00e1s moverte en completa relajaci\u00f3n en los diversos lugares encantados de nuestra hermosa Italia, disfrutando casi de la sensaci\u00f3n de haber estado all\u00ed. Puede coger el coche (monovolumen, minib\u00fas y autob\u00fas GT) equipado con todas las comodidades (aire acondicionado, asientos reclinables, puertas el\u00e9ctricas, reproductor de DVD, GPS, etc.). Alquile un coche en Il Girasole, si lo solicita, estar\u00e1 encantado de sugerirle a las agencias de viajes que organicen, junto con usted, uno de los itinerarios. Centro ecuestre Tre Laghi, una fant\u00e1stica oportunidad para experimentar el caballo y aprender sobre la naturaleza y el territorio. Trekking, en mayor o menor duraci\u00f3n de equitaci\u00f3n y los viajes (para los principiantes es la duraci\u00f3n de no m\u00e1s de 2 horas recomendadas) de los senderos y el paisaje de la Toscana-Umbr\u00eda.[\/vc_column_text][vc_column_text]<a href=\"https:\/\/www.palazzidelpapa.it\/es\/attivita\/\">&lt;&lt; espalda<\/a>[\/vc_column_text][\/vc_column][\/vc_row][vc_row][vc_column][vc_column_text]<\/p>\n<p>[\/vc_column_text][\/vc_column][\/vc_row]<\/p>\n<\/div>","protected":false},"excerpt":{"rendered":"<p>[vc_row row_content_width=\u00bbgrid\u00bb content_text_aligment=\u00bbcenter\u00bb css=\u00bb.vc_custom_1530655107874{padding-top: 74px !important;padding-bottom: 93px !important;}\u00bb][vc_column][\/vc_column][\/vc_row][vc_row row_content_width=\u00bbgrid\u00bb css=\u00bb.vc_custom_1529505962927{margin-bottom: 22px !important;}\u00bb][vc_column width=\u00bb1\/2&#8243;][vc_single_image image=\u00bb5952&#8243; img_size=\u00bb640&#215;400&#8243;][\/vc_column][vc_column width=\u00bb1\/2&#8243;][vc_column_text] El socio ideal para sus necesidades de alquiler de coches y viajes en Toscana y Umbr\u00eda &#8211; Il Girasole y Limotuscany alquiler de coches [&hellip;]<\/p>\n","protected":false},"author":1,"featured_media":0,"parent":0,"menu_order":0,"comment_status":"closed","ping_status":"closed","template":"full-width.php","meta":{"footnotes":""},"class_list":["post-6577","page","type-page","status-publish","hentry"],"_links":{"self":[{"href":"https:\/\/www.palazzidelpapa.it\/es\/wp-json\/wp\/v2\/pages\/6577","targetHints":{"allow":["GET"]}}],"collection":[{"href":"https:\/\/www.palazzidelpapa.it\/es\/wp-json\/wp\/v2\/pages"}],"about":[{"href":"https:\/\/www.palazzidelpapa.it\/es\/wp-json\/wp\/v2\/types\/page"}],"author":[{"embeddable":true,"href":"https:\/\/www.palazzidelpapa.it\/es\/wp-json\/wp\/v2\/users\/1"}],"replies":[{"embeddable":true,"href":"https:\/\/www.palazzidelpapa.it\/es\/wp-json\/wp\/v2\/comments?post=6577"}],"version-history":[{"count":3,"href":"https:\/\/www.palazzidelpapa.it\/es\/wp-json\/wp\/v2\/pages\/6577\/revisions"}],"predecessor-version":[{"id":6730,"href":"https:\/\/www.palazzidelpapa.it\/es\/wp-json\/wp\/v2\/pages\/6577\/revisions\/6730"}],"wp:attachment":[{"href":"https:\/\/www.palazzidelpapa.it\/es\/wp-json\/wp\/v2\/media?parent=6577"}],"curies":[{"name":"wp","href":"https:\/\/api.w.org\/{rel}","templated":true}]}}