{"id":6586,"date":"2018-07-06T10:37:44","date_gmt":"2018-07-06T08:37:44","guid":{"rendered":"https:\/\/www.palazzidelpapa.it\/vespa-tour\/"},"modified":"2018-07-10T15:46:11","modified_gmt":"2018-07-10T13:46:11","slug":"vespa-tour","status":"publish","type":"page","link":"https:\/\/www.palazzidelpapa.it\/es\/vespa-tour\/","title":{"rendered":"Vespa Tour"},"content":{"rendered":"<div class=\"wpb-content-wrapper\"><p>[vc_row row_content_width=\u00bbgrid\u00bb content_text_aligment=\u00bbcenter\u00bb css=\u00bb.vc_custom_1530655107874{padding-top: 74px !important;padding-bottom: 93px !important;}\u00bb][vc_column]<div class=\"eltd-section-title-holder eltd-separator-disabled  \" >\n    <div class=\"eltd-section-title-inner\">\n                            <h2 class=\"eltd-st-title \" >\n                <span class=\"eltd-st-before\"><\/span>\n                <span>Vespa Tour<\/span>\n            <\/h2>\n                            <\/div>\n<\/div>[\/vc_column][\/vc_row][vc_row row_content_width=\u00bbgrid\u00bb css=\u00bb.vc_custom_1529505962927{margin-bottom: 22px !important;}\u00bb][vc_column width=\u00bb1\/2&#8243;][vc_single_image image=\u00bb6174&#8243; img_size=\u00bb640&#215;400&#8243;][\/vc_column][vc_column width=\u00bb1\/2&#8243;][vc_column_text]<\/p>\n<h4>Alquiler y organizaci\u00f3n de tours en veh\u00edculos antiguos &#8211; Vintage Tours<\/h4>\n<p>Los <a href=\"http:\/\/www.vintagetours.it\/\" target=\"_blank\" rel=\"noopener\"> Tours Vintage <\/a> han dise\u00f1ado algunas rutas para ti, por lo que tienes la oportunidad de recorrer el caminos m\u00e1s hermosos incluso sin nuestra presencia. Pero si nos quiere con nosotros, nos complace acompa\u00f1arlo y personalizar su tour vintage vpepa seg\u00fan sus necesidades y preferencias.[\/vc_column_text][vc_column_text]<a href=\"https:\/\/www.palazzidelpapa.it\/es\/attivita\/\">&lt;&lt; espalda<\/a>[\/vc_column_text][\/vc_column][\/vc_row]<\/p>\n<\/div>","protected":false},"excerpt":{"rendered":"<p>[vc_row row_content_width=\u00bbgrid\u00bb content_text_aligment=\u00bbcenter\u00bb css=\u00bb.vc_custom_1530655107874{padding-top: 74px !important;padding-bottom: 93px !important;}\u00bb][vc_column][\/vc_column][\/vc_row][vc_row row_content_width=\u00bbgrid\u00bb css=\u00bb.vc_custom_1529505962927{margin-bottom: 22px !important;}\u00bb][vc_column width=\u00bb1\/2&#8243;][vc_single_image image=\u00bb6174&#8243; img_size=\u00bb640&#215;400&#8243;][\/vc_column][vc_column width=\u00bb1\/2&#8243;][vc_column_text] Alquiler y organizaci\u00f3n de tours en veh\u00edculos antiguos &#8211; Vintage Tours Los Tours Vintage han dise\u00f1ado algunas rutas para ti, por lo que tienes [&hellip;]<\/p>\n","protected":false},"author":1,"featured_media":0,"parent":0,"menu_order":0,"comment_status":"closed","ping_status":"closed","template":"full-width.php","meta":{"footnotes":""},"class_list":["post-6586","page","type-page","status-publish","hentry"],"_links":{"self":[{"href":"https:\/\/www.palazzidelpapa.it\/es\/wp-json\/wp\/v2\/pages\/6586","targetHints":{"allow":["GET"]}}],"collection":[{"href":"https:\/\/www.palazzidelpapa.it\/es\/wp-json\/wp\/v2\/pages"}],"about":[{"href":"https:\/\/www.palazzidelpapa.it\/es\/wp-json\/wp\/v2\/types\/page"}],"author":[{"embeddable":true,"href":"https:\/\/www.palazzidelpapa.it\/es\/wp-json\/wp\/v2\/users\/1"}],"replies":[{"embeddable":true,"href":"https:\/\/www.palazzidelpapa.it\/es\/wp-json\/wp\/v2\/comments?post=6586"}],"version-history":[{"count":2,"href":"https:\/\/www.palazzidelpapa.it\/es\/wp-json\/wp\/v2\/pages\/6586\/revisions"}],"predecessor-version":[{"id":6731,"href":"https:\/\/www.palazzidelpapa.it\/es\/wp-json\/wp\/v2\/pages\/6586\/revisions\/6731"}],"wp:attachment":[{"href":"https:\/\/www.palazzidelpapa.it\/es\/wp-json\/wp\/v2\/media?parent=6586"}],"curies":[{"name":"wp","href":"https:\/\/api.w.org\/{rel}","templated":true}]}}